{"id":3031,"date":"2018-01-08T11:27:38","date_gmt":"2018-01-08T11:27:38","guid":{"rendered":"https:\/\/hof-hoeherhaus.de\/?page_id=3031"},"modified":"2021-11-29T20:20:07","modified_gmt":"2021-11-29T19:20:07","slug":"guru-meditation","status":"publish","type":"page","link":"https:\/\/hof-hoeherhaus.de\/index.php\/guru-meditation\/","title":{"rendered":"404-Guru Meditation"},"content":{"rendered":"<h2><\/h2>\n<h2 style=\"text-align: center;\">404 &#8211; Guru Meditation<\/h2>\n<h2 style=\"text-align: center;\">Au weh! Das tut uns wirklich leid! Scheinbar gibt es die Zielseite nicht mehr.<\/h2>\n<p><img data-recalc-dims=\"1\" loading=\"lazy\" decoding=\"async\" data-attachment-id=\"1818\" data-permalink=\"https:\/\/hof-hoeherhaus.de\/index.php\/eroeffnung-der-hengststtation-unna-massen-2013\/ostfrisischer-stammtisch-hengstschau-unna-massen-2013\/\" data-orig-file=\"https:\/\/i0.wp.com\/hof-hoeherhaus.de\/wp-content\/uploads\/2013\/02\/ostfrisischer-stammtisch-hengstschau-unna-massen-2013.jpg?fit=1024%2C683&amp;ssl=1\" data-orig-size=\"1024,683\" data-comments-opened=\"0\" data-image-meta=\"{&quot;aperture&quot;:&quot;0&quot;,&quot;credit&quot;:&quot;&quot;,&quot;camera&quot;:&quot;&quot;,&quot;caption&quot;:&quot;&quot;,&quot;created_timestamp&quot;:&quot;0&quot;,&quot;copyright&quot;:&quot;&quot;,&quot;focal_length&quot;:&quot;0&quot;,&quot;iso&quot;:&quot;0&quot;,&quot;shutter_speed&quot;:&quot;0&quot;,&quot;title&quot;:&quot;&quot;,&quot;orientation&quot;:&quot;0&quot;}\" data-image-title=\"ostfrisischer-stammtisch-hengstschau-unna-massen-2013\" data-image-description=\"\" data-image-caption=\"\" data-large-file=\"https:\/\/i0.wp.com\/hof-hoeherhaus.de\/wp-content\/uploads\/2013\/02\/ostfrisischer-stammtisch-hengstschau-unna-massen-2013.jpg?fit=900%2C600&amp;ssl=1\" class=\"wp-image-1818 size-large\" title=\"Guru Mediation \" src=\"https:\/\/i0.wp.com\/hof-hoeherhaus.de\/wp-content\/uploads\/2013\/02\/ostfrisischer-stammtisch-hengstschau-unna-massen-2013.jpg?resize=900%2C600&#038;ssl=1\" alt=\"Verlaufen! Das tut uns leid!\" width=\"900\" height=\"600\" srcset=\"https:\/\/i0.wp.com\/hof-hoeherhaus.de\/wp-content\/uploads\/2013\/02\/ostfrisischer-stammtisch-hengstschau-unna-massen-2013.jpg?w=1024&amp;ssl=1 1024w, https:\/\/i0.wp.com\/hof-hoeherhaus.de\/wp-content\/uploads\/2013\/02\/ostfrisischer-stammtisch-hengstschau-unna-massen-2013.jpg?resize=300%2C200&amp;ssl=1 300w, https:\/\/i0.wp.com\/hof-hoeherhaus.de\/wp-content\/uploads\/2013\/02\/ostfrisischer-stammtisch-hengstschau-unna-massen-2013.jpg?resize=768%2C512&amp;ssl=1 768w\" sizes=\"auto, (max-width: 900px) 100vw, 900px\" \/><\/p>\n<h2 style=\"text-align: center;\">Aber kontaktieren Sie uns doch kurz, wenn Sie die gew\u00fcnschten Informationen dennoch gern h\u00e4tten.<\/h2>\n","protected":false},"excerpt":{"rendered":"<p>404 &#8211; Guru Meditation Au weh! Das tut uns wirklich leid! Scheinbar gibt es die Zielseite nicht mehr. Aber kontaktieren Sie uns doch kurz, wenn Sie die gew\u00fcnschten Informationen dennoch gern h\u00e4tten.<\/p>\n","protected":false},"author":2,"featured_media":0,"parent":0,"menu_order":0,"comment_status":"closed","ping_status":"closed","template":"","meta":{"footnotes":""},"class_list":{"0":"post-3031","1":"page","2":"type-page","3":"status-publish","4":"hentry","5":"","6":"blog-alt-layout","7":"blog-style-postblock","9":"blog-alt-odd"},"yoast_head":"<!-- This site is optimized with the Yoast SEO plugin v27.5 - https:\/\/yoast.com\/product\/yoast-seo-wordpress\/ -->\n<title>404-Guru Meditation &#8211; Hof-H\u00f6herhaus<\/title>\n<meta name=\"description\" content=\"Ohje, ohje, das h\u00e4tte nicht passieren sollen. Offensichtlich gibt es die Seite nicht mehr. Bitte kontaktieren Sie uns schnell!\" \/>\n<meta name=\"robots\" content=\"index, follow, max-snippet:-1, max-image-preview:large, max-video-preview:-1\" \/>\n<link rel=\"canonical\" href=\"https:\/\/hof-hoeherhaus.de\/index.php\/guru-meditation\/\" \/>\n<meta property=\"og:locale\" content=\"de_DE\" \/>\n<meta property=\"og:type\" content=\"article\" \/>\n<meta property=\"og:title\" content=\"404-Guru Meditation &#8211; Hof-H\u00f6herhaus\" \/>\n<meta property=\"og:description\" content=\"Ohje, ohje, das h\u00e4tte nicht passieren sollen. Offensichtlich gibt es die Seite nicht mehr. Bitte kontaktieren Sie uns schnell!\" \/>\n<meta property=\"og:url\" content=\"https:\/\/hof-hoeherhaus.de\/index.php\/guru-meditation\/\" \/>\n<meta property=\"og:site_name\" content=\"Hof-H\u00f6herhaus\" \/>\n<meta property=\"article:modified_time\" content=\"2021-11-29T19:20:07+00:00\" \/>\n<meta property=\"og:image\" content=\"https:\/\/hof-hoeherhaus.de\/wp-content\/uploads\/2013\/02\/ostfrisischer-stammtisch-hengstschau-unna-massen-2013-1024x683.jpg\" \/>\n<meta name=\"twitter:card\" content=\"summary_large_image\" \/>\n<script type=\"application\/ld+json\" class=\"yoast-schema-graph\">{\"@context\":\"https:\\\/\\\/schema.org\",\"@graph\":[{\"@type\":\"WebPage\",\"@id\":\"https:\\\/\\\/hof-hoeherhaus.de\\\/index.php\\\/guru-meditation\\\/\",\"url\":\"https:\\\/\\\/hof-hoeherhaus.de\\\/index.php\\\/guru-meditation\\\/\",\"name\":\"404-Guru Meditation &#8211; Hof-H\u00f6herhaus\",\"isPartOf\":{\"@id\":\"https:\\\/\\\/hof-hoeherhaus.de\\\/#website\"},\"primaryImageOfPage\":{\"@id\":\"https:\\\/\\\/hof-hoeherhaus.de\\\/index.php\\\/guru-meditation\\\/#primaryimage\"},\"image\":{\"@id\":\"https:\\\/\\\/hof-hoeherhaus.de\\\/index.php\\\/guru-meditation\\\/#primaryimage\"},\"thumbnailUrl\":\"https:\\\/\\\/hof-hoeherhaus.de\\\/wp-content\\\/uploads\\\/2013\\\/02\\\/ostfrisischer-stammtisch-hengstschau-unna-massen-2013-1024x683.jpg\",\"datePublished\":\"2018-01-08T11:27:38+00:00\",\"dateModified\":\"2021-11-29T19:20:07+00:00\",\"description\":\"Ohje, ohje, das h\u00e4tte nicht passieren sollen. Offensichtlich gibt es die Seite nicht mehr. Bitte kontaktieren Sie uns schnell!\",\"breadcrumb\":{\"@id\":\"https:\\\/\\\/hof-hoeherhaus.de\\\/index.php\\\/guru-meditation\\\/#breadcrumb\"},\"inLanguage\":\"de\",\"potentialAction\":[{\"@type\":\"ReadAction\",\"target\":[\"https:\\\/\\\/hof-hoeherhaus.de\\\/index.php\\\/guru-meditation\\\/\"]}]},{\"@type\":\"ImageObject\",\"inLanguage\":\"de\",\"@id\":\"https:\\\/\\\/hof-hoeherhaus.de\\\/index.php\\\/guru-meditation\\\/#primaryimage\",\"url\":\"https:\\\/\\\/i0.wp.com\\\/hof-hoeherhaus.de\\\/wp-content\\\/uploads\\\/2013\\\/02\\\/ostfrisischer-stammtisch-hengstschau-unna-massen-2013.jpg?fit=1024%2C683&ssl=1\",\"contentUrl\":\"https:\\\/\\\/i0.wp.com\\\/hof-hoeherhaus.de\\\/wp-content\\\/uploads\\\/2013\\\/02\\\/ostfrisischer-stammtisch-hengstschau-unna-massen-2013.jpg?fit=1024%2C683&ssl=1\",\"width\":1024,\"height\":683},{\"@type\":\"BreadcrumbList\",\"@id\":\"https:\\\/\\\/hof-hoeherhaus.de\\\/index.php\\\/guru-meditation\\\/#breadcrumb\",\"itemListElement\":[{\"@type\":\"ListItem\",\"position\":1,\"name\":\"Startseite\",\"item\":\"https:\\\/\\\/hof-hoeherhaus.de\\\/\"},{\"@type\":\"ListItem\",\"position\":2,\"name\":\"404-Guru Meditation\"}]},{\"@type\":\"WebSite\",\"@id\":\"https:\\\/\\\/hof-hoeherhaus.de\\\/#website\",\"url\":\"https:\\\/\\\/hof-hoeherhaus.de\\\/\",\"name\":\"Hof-H\u00f6herhaus\",\"description\":\"Hof-H\u00f6herhaus - Pferde im sch\u00f6nen Drolshagener und Olper Land.\",\"publisher\":{\"@id\":\"https:\\\/\\\/hof-hoeherhaus.de\\\/#organization\"},\"potentialAction\":[{\"@type\":\"SearchAction\",\"target\":{\"@type\":\"EntryPoint\",\"urlTemplate\":\"https:\\\/\\\/hof-hoeherhaus.de\\\/?s={search_term_string}\"},\"query-input\":{\"@type\":\"PropertyValueSpecification\",\"valueRequired\":true,\"valueName\":\"search_term_string\"}}],\"inLanguage\":\"de\"},{\"@type\":\"Organization\",\"@id\":\"https:\\\/\\\/hof-hoeherhaus.de\\\/#organization\",\"name\":\"Reitgemeinschaft Hof-Hoeherhaus e.V.\",\"url\":\"https:\\\/\\\/hof-hoeherhaus.de\\\/\",\"logo\":{\"@type\":\"ImageObject\",\"inLanguage\":\"de\",\"@id\":\"https:\\\/\\\/hof-hoeherhaus.de\\\/#\\\/schema\\\/logo\\\/image\\\/\",\"url\":\"https:\\\/\\\/i0.wp.com\\\/hof-hoeherhaus.de\\\/wp-content\\\/uploads\\\/2021\\\/11\\\/18.jpg?fit=1024%2C1024&ssl=1\",\"contentUrl\":\"https:\\\/\\\/i0.wp.com\\\/hof-hoeherhaus.de\\\/wp-content\\\/uploads\\\/2021\\\/11\\\/18.jpg?fit=1024%2C1024&ssl=1\",\"width\":1024,\"height\":1024,\"caption\":\"Reitgemeinschaft Hof-Hoeherhaus e.V.\"},\"image\":{\"@id\":\"https:\\\/\\\/hof-hoeherhaus.de\\\/#\\\/schema\\\/logo\\\/image\\\/\"}}]}<\/script>\n<!-- \/ Yoast SEO plugin. -->","yoast_head_json":{"title":"404-Guru Meditation &#8211; Hof-H\u00f6herhaus","description":"Ohje, ohje, das h\u00e4tte nicht passieren sollen. Offensichtlich gibt es die Seite nicht mehr. Bitte kontaktieren Sie uns schnell!","robots":{"index":"index","follow":"follow","max-snippet":"max-snippet:-1","max-image-preview":"max-image-preview:large","max-video-preview":"max-video-preview:-1"},"canonical":"https:\/\/hof-hoeherhaus.de\/index.php\/guru-meditation\/","og_locale":"de_DE","og_type":"article","og_title":"404-Guru Meditation &#8211; Hof-H\u00f6herhaus","og_description":"Ohje, ohje, das h\u00e4tte nicht passieren sollen. Offensichtlich gibt es die Seite nicht mehr. Bitte kontaktieren Sie uns schnell!","og_url":"https:\/\/hof-hoeherhaus.de\/index.php\/guru-meditation\/","og_site_name":"Hof-H\u00f6herhaus","article_modified_time":"2021-11-29T19:20:07+00:00","og_image":[{"url":"https:\/\/hof-hoeherhaus.de\/wp-content\/uploads\/2013\/02\/ostfrisischer-stammtisch-hengstschau-unna-massen-2013-1024x683.jpg","type":"","width":"","height":""}],"twitter_card":"summary_large_image","schema":{"@context":"https:\/\/schema.org","@graph":[{"@type":"WebPage","@id":"https:\/\/hof-hoeherhaus.de\/index.php\/guru-meditation\/","url":"https:\/\/hof-hoeherhaus.de\/index.php\/guru-meditation\/","name":"404-Guru Meditation &#8211; Hof-H\u00f6herhaus","isPartOf":{"@id":"https:\/\/hof-hoeherhaus.de\/#website"},"primaryImageOfPage":{"@id":"https:\/\/hof-hoeherhaus.de\/index.php\/guru-meditation\/#primaryimage"},"image":{"@id":"https:\/\/hof-hoeherhaus.de\/index.php\/guru-meditation\/#primaryimage"},"thumbnailUrl":"https:\/\/hof-hoeherhaus.de\/wp-content\/uploads\/2013\/02\/ostfrisischer-stammtisch-hengstschau-unna-massen-2013-1024x683.jpg","datePublished":"2018-01-08T11:27:38+00:00","dateModified":"2021-11-29T19:20:07+00:00","description":"Ohje, ohje, das h\u00e4tte nicht passieren sollen. Offensichtlich gibt es die Seite nicht mehr. Bitte kontaktieren Sie uns schnell!","breadcrumb":{"@id":"https:\/\/hof-hoeherhaus.de\/index.php\/guru-meditation\/#breadcrumb"},"inLanguage":"de","potentialAction":[{"@type":"ReadAction","target":["https:\/\/hof-hoeherhaus.de\/index.php\/guru-meditation\/"]}]},{"@type":"ImageObject","inLanguage":"de","@id":"https:\/\/hof-hoeherhaus.de\/index.php\/guru-meditation\/#primaryimage","url":"https:\/\/i0.wp.com\/hof-hoeherhaus.de\/wp-content\/uploads\/2013\/02\/ostfrisischer-stammtisch-hengstschau-unna-massen-2013.jpg?fit=1024%2C683&ssl=1","contentUrl":"https:\/\/i0.wp.com\/hof-hoeherhaus.de\/wp-content\/uploads\/2013\/02\/ostfrisischer-stammtisch-hengstschau-unna-massen-2013.jpg?fit=1024%2C683&ssl=1","width":1024,"height":683},{"@type":"BreadcrumbList","@id":"https:\/\/hof-hoeherhaus.de\/index.php\/guru-meditation\/#breadcrumb","itemListElement":[{"@type":"ListItem","position":1,"name":"Startseite","item":"https:\/\/hof-hoeherhaus.de\/"},{"@type":"ListItem","position":2,"name":"404-Guru Meditation"}]},{"@type":"WebSite","@id":"https:\/\/hof-hoeherhaus.de\/#website","url":"https:\/\/hof-hoeherhaus.de\/","name":"Hof-H\u00f6herhaus","description":"Hof-H\u00f6herhaus - Pferde im sch\u00f6nen Drolshagener und Olper Land.","publisher":{"@id":"https:\/\/hof-hoeherhaus.de\/#organization"},"potentialAction":[{"@type":"SearchAction","target":{"@type":"EntryPoint","urlTemplate":"https:\/\/hof-hoeherhaus.de\/?s={search_term_string}"},"query-input":{"@type":"PropertyValueSpecification","valueRequired":true,"valueName":"search_term_string"}}],"inLanguage":"de"},{"@type":"Organization","@id":"https:\/\/hof-hoeherhaus.de\/#organization","name":"Reitgemeinschaft Hof-Hoeherhaus e.V.","url":"https:\/\/hof-hoeherhaus.de\/","logo":{"@type":"ImageObject","inLanguage":"de","@id":"https:\/\/hof-hoeherhaus.de\/#\/schema\/logo\/image\/","url":"https:\/\/i0.wp.com\/hof-hoeherhaus.de\/wp-content\/uploads\/2021\/11\/18.jpg?fit=1024%2C1024&ssl=1","contentUrl":"https:\/\/i0.wp.com\/hof-hoeherhaus.de\/wp-content\/uploads\/2021\/11\/18.jpg?fit=1024%2C1024&ssl=1","width":1024,"height":1024,"caption":"Reitgemeinschaft Hof-Hoeherhaus e.V."},"image":{"@id":"https:\/\/hof-hoeherhaus.de\/#\/schema\/logo\/image\/"}}]}},"jetpack-related-posts":[],"jetpack_sharing_enabled":false,"_links":{"self":[{"href":"https:\/\/hof-hoeherhaus.de\/index.php\/wp-json\/wp\/v2\/pages\/3031","targetHints":{"allow":["GET"]}}],"collection":[{"href":"https:\/\/hof-hoeherhaus.de\/index.php\/wp-json\/wp\/v2\/pages"}],"about":[{"href":"https:\/\/hof-hoeherhaus.de\/index.php\/wp-json\/wp\/v2\/types\/page"}],"author":[{"embeddable":true,"href":"https:\/\/hof-hoeherhaus.de\/index.php\/wp-json\/wp\/v2\/users\/2"}],"replies":[{"embeddable":true,"href":"https:\/\/hof-hoeherhaus.de\/index.php\/wp-json\/wp\/v2\/comments?post=3031"}],"version-history":[{"count":8,"href":"https:\/\/hof-hoeherhaus.de\/index.php\/wp-json\/wp\/v2\/pages\/3031\/revisions"}],"predecessor-version":[{"id":3923,"href":"https:\/\/hof-hoeherhaus.de\/index.php\/wp-json\/wp\/v2\/pages\/3031\/revisions\/3923"}],"wp:attachment":[{"href":"https:\/\/hof-hoeherhaus.de\/index.php\/wp-json\/wp\/v2\/media?parent=3031"}],"curies":[{"name":"wp","href":"https:\/\/api.w.org\/{rel}","templated":true}]}}