{"id":3193,"date":"2018-05-22T18:52:51","date_gmt":"2018-05-22T16:52:51","guid":{"rendered":"https:\/\/hof-hoeherhaus.de\/?page_id=3193"},"modified":"2022-02-17T21:22:56","modified_gmt":"2022-02-17T20:22:56","slug":"datenschutzerklaerung","status":"publish","type":"page","link":"https:\/\/hof-hoeherhaus.de\/index.php\/datenschutzerklaerung\/","title":{"rendered":"Datenschutz"},"content":{"rendered":"\n<h2 class=\"wp-block-heading\" id=\"wer-wir-sind\">Wer wir sind<\/h2>\n\n\n\n<p>Die Adresse unserer Website ist: https:\/\/hof-hoeherhaus.de.<\/p>\n\n\n\n<h2 class=\"wp-block-heading\" id=\"welche-personenbezogenen-daten-wir-sammeln-und-warum-wir-sie-sammeln\">Welche personenbezogenen Daten wir sammeln und warum wir sie sammeln<\/h2>\n\n\n\n<h3 class=\"wp-block-heading\" id=\"kommentare\">Kommentare<\/h3>\n\n\n\n<p>Kommentare k\u00f6nnen auf unserer Seite nicht erstellt werden.<\/p>\n\n\n\n<h3 class=\"wp-block-heading\" id=\"medien\">Medien<\/h3>\n\n\n\n<p>Wenn du ein registrierter Benutzer bist und Fotos auf diese Website l\u00e4dst, solltest du vermeiden, Fotos mit einem EXIF-GPS-Standort hochzuladen. Besucher dieser Website k\u00f6nnten Fotos, die auf dieser Website gespeichert sind, herunterladen und deren Standort-Informationen extrahieren.<\/p>\n\n\n\n<h3 class=\"wp-block-heading\" id=\"kontaktformulare\">Kontaktformulare<\/h3>\n\n\n\n<p>Wenn Sie unser Kontaktformular nutzen, werden\u00a0 diese Angaben inklusive der Kontaktdaten zwecks Bearbeitung der Kontaktaufnahme bei uns gespeichert. Diese Daten geben wir nicht weiter.<\/p>\n\n\n\n<p>Die von Ihnen im Formular eingegebenen Daten verbleiben bei uns, bis Sie uns zur L\u00f6schung auffordern.<\/p>\n\n\n\n<h3 class=\"wp-block-heading\" id=\"cookies\">Cookies<\/h3>\n\n\n\n<p>Falls du ein Konto hast und dich auf dieser Website anmeldest, werden wir ein tempor\u00e4res Cookie setzen, um festzustellen, ob dein Browser Cookies akzeptiert. Dieses Cookie enth\u00e4lt keine personenbezogenen Daten und wird verworfen, wenn du deinen Browser schlie\u00dft.<\/p>\n\n\n\n<p>Wenn du dich anmeldest, werden wir einige Cookies einrichten, um deine Anmeldeinformationen und Anzeigeoptionen zu speichern. Anmelde-Cookies verfallen nach zwei Tagen und Cookies f\u00fcr die Anzeigeoptionen nach einem Jahr. Falls du bei der Anmeldung \u201eAngemeldet bleiben\u201c ausw\u00e4hlst, wird deine Anmeldung zwei Wochen lang aufrechterhalten. Mit der Abmeldung aus deinem Konto werden die Anmelde-Cookies gel\u00f6scht.<\/p>\n\n\n\n<p>Wenn du einen Artikel bearbeitest oder ver\u00f6ffentlichst, wird ein zus\u00e4tzlicher Cookie in deinem Browser gespeichert. Dieser Cookie enth\u00e4lt keine personenbezogenen Daten und verweist nur auf die Beitrags-ID des Artikels, den du gerade bearbeitet hast. Der Cookie verf\u00e4llt nach einem Tag.<\/p>\n\n\n\n<h3 class=\"wp-block-heading\" id=\"eingebettete-inhalte-von-anderen-websites\">Eingebettete Inhalte von anderen Websites<\/h3>\n\n\n\n<p>Beitr\u00e4ge auf dieser Website k\u00f6nnen eingebettete Inhalte beinhalten (z.&nbsp;B. Videos). Eingebettete Inhalte von anderen Websites verhalten sich exakt so, als ob der Besucher die andere Website besucht h\u00e4tte.<\/p>\n\n\n\n<p>Diese Websites k\u00f6nnen Daten \u00fcber dich sammeln, Cookies benutzen, zus\u00e4tzliche Tracking-Dienste von Dritten einbetten und deine Interaktion mit diesem eingebetteten Inhalt aufzeichnen, inklusive deiner Interaktion mit dem eingebetteten Inhalt, falls du ein Konto hast und auf dieser Website angemeldet bist.<\/p>\n\n\n\n<h3 class=\"wp-block-heading\" id=\"bilder\">Bilder<\/h3>\n\n\n\n<p>Personen, die auf Bildern zu erkennen sind, werden vor der Ver\u00f6ffentlichung informiert um Erlaubnis gefragt. Sollten dennoch Bilder auf unseren Sites zu finden sein, deren Ver\u00f6ffentlichung nicht erw\u00fcnscht ist, bitten wir um kurze Information um welches Bild es sich handelt. Wir werden es umgehend (innerhalb weniger Stunden) entfernen<\/p>\n\n\n\n<h2 class=\"wp-block-heading\" id=\"wohin-wir-deine-daten-senden\">Wohin wir deine Daten senden<\/h2>\n\n\n\n<p>Besucher-Kontakt-Emails k\u00f6nnen von einem automatisierten Dienst zur Spam-Erkennung untersucht werden.<\/p>\n\n\n\n<h2 class=\"wp-block-heading\" id=\"unsere-kontakt-informationen\">Unsere Kontakt-Informationen<\/h2>\n\n\n\n<p>Karl-Heinz Feldmann<br>Reiterhof<br>H\u00f6herhaus 7<br>574879 Drolshagen-Essinghausen<\/p>\n\n\n\n<h3 class=\"wp-block-heading\" id=\"kontakt\">Kontakt:<\/h3>\n\n\n\n<figure class=\"wp-block-table\"><table><tbody><tr><td>Telefon:<\/td><td>0049 2761 3288<\/td><\/tr><tr><td>E-Mail:<\/td><td><img loading=\"lazy\" decoding=\"async\" data-attachment-id=\"1481\" data-permalink=\"https:\/\/hof-hoeherhaus.de\/index.php\/impressum\/imp\/\" data-orig-file=\"https:\/\/i0.wp.com\/hof-hoeherhaus.de\/wp-content\/uploads\/2017\/03\/imp.png?fit=199%2C19&amp;ssl=1\" data-orig-size=\"199,19\" data-comments-opened=\"0\" data-image-meta=\"{&quot;aperture&quot;:&quot;0&quot;,&quot;credit&quot;:&quot;&quot;,&quot;camera&quot;:&quot;&quot;,&quot;caption&quot;:&quot;&quot;,&quot;created_timestamp&quot;:&quot;0&quot;,&quot;copyright&quot;:&quot;&quot;,&quot;focal_length&quot;:&quot;0&quot;,&quot;iso&quot;:&quot;0&quot;,&quot;shutter_speed&quot;:&quot;0&quot;,&quot;title&quot;:&quot;&quot;,&quot;orientation&quot;:&quot;0&quot;}\" data-image-title=\"imp\" data-image-description=\"\" data-image-caption=\"\" data-medium-file=\"https:\/\/i0.wp.com\/hof-hoeherhaus.de\/wp-content\/uploads\/2017\/03\/imp.png?fit=199%2C19&amp;ssl=1\" data-large-file=\"https:\/\/i0.wp.com\/hof-hoeherhaus.de\/wp-content\/uploads\/2017\/03\/imp.png?fit=199%2C19&amp;ssl=1\" class=\"wp-image-1481 alignleft\" src=\"https:\/\/i1.wp.com\/hof-hoeherhaus.de\/wp-content\/uploads\/2017\/03\/imp.png?zoom=0.8999999761581421&amp;resize=206%2C20\" srcset=\"https:\/\/i1.wp.com\/hof-hoeherhaus.de\/wp-content\/uploads\/2017\/03\/imp.png?zoom=0.8999999761581421&amp;resize=206%2C20\" alt=\"imp Impressum \" width=\"205\" height=\"20\" data-attachment-id=\"1481\" data-permalink=\"https:\/\/hof-hoeherhaus.de\/index.php\/impressum\/imp\/\" data-orig-file=\"https:\/\/i1.wp.com\/hof-hoeherhaus.de\/wp-content\/uploads\/2017\/03\/imp.png?fit=199%2C19&amp;ssl=1\" data-orig-size=\"199,19\" data-comments-opened=\"0\" data-image-meta=\"{&quot;aperture&quot;:&quot;0&quot;,&quot;credit&quot;:&quot;&quot;,&quot;camera&quot;:&quot;&quot;,&quot;caption&quot;:&quot;&quot;,&quot;created_timestamp&quot;:&quot;0&quot;,&quot;copyright&quot;:&quot;&quot;,&quot;focal_length&quot;:&quot;0&quot;,&quot;iso&quot;:&quot;0&quot;,&quot;shutter_speed&quot;:&quot;0&quot;,&quot;title&quot;:&quot;&quot;,&quot;orientation&quot;:&quot;0&quot;}\" data-image-title=\"imp Impressum \" data-image-description=\"\" data-medium-file=\"https:\/\/i1.wp.com\/hof-hoeherhaus.de\/wp-content\/uploads\/2017\/03\/imp.png?fit=199%2C19&amp;ssl=1\" data-large-file=\"https:\/\/i1.wp.com\/hof-hoeherhaus.de\/wp-content\/uploads\/2017\/03\/imp.png?fit=199%2C19&amp;ssl=1\"><\/td><\/tr><\/tbody><\/table><\/figure>\n\n\n\n<h2 class=\"wp-block-heading\" id=\"weitere-informationen\">Weitere Informationen<\/h2>\n\n\n\n<h3 class=\"wp-block-heading\" id=\"wie-wir-deine-daten-schutzen\">Wie wir deine Daten sch\u00fctzen<\/h3>\n\n\n\n<p>Pers\u00f6nliche Email-Adressen oder \u00c4hnliches werden <strong>nicht<\/strong> an dritte weitergeleitet, oder zu Werbezwecken genutzt.<\/p>\n\n\n\n<h3 class=\"wp-block-heading\" id=\"welche-massnahmen-wir-bei-datenschutzverletzungen-anbieten\">Welche Ma\u00dfnahmen wir bei Datenschutzverletzungen anbieten<\/h3>\n\n\n\n<p>Wenn Sie in den Inhalten unserer Webpr\u00e4senz Verst\u00f6\u00dfe gegen geltendes Datenschutzrecht finden, informieren Sie uns direkt. Wir werden das Problem umgehend beseitigen.<\/p>\n\n\n\n<h3 class=\"wp-block-heading\">&nbsp;<\/h3>\n","protected":false},"excerpt":{"rendered":"<p>Wer wir sind Die Adresse unserer Website ist: https:\/\/hof-hoeherhaus.de. Welche personenbezogenen Daten wir sammeln und warum wir sie sammeln Kommentare Kommentare k\u00f6nnen auf unserer Seite nicht erstellt werden. Medien Wenn du ein registrierter Benutzer bist und Fotos auf diese Website l\u00e4dst, solltest du vermeiden, Fotos mit einem EXIF-GPS-Standort hochzuladen. Besucher dieser Website k\u00f6nnten Fotos, die [&hellip;]<\/p>\n","protected":false},"author":2,"featured_media":0,"parent":0,"menu_order":0,"comment_status":"closed","ping_status":"closed","template":"","meta":{"footnotes":""},"class_list":{"0":"post-3193","1":"page","2":"type-page","3":"status-publish","4":"hentry","5":"","6":"blog-alt-layout","7":"blog-style-postblock","9":"blog-alt-odd"},"yoast_head":"<!-- This site is optimized with the Yoast SEO plugin v27.3 - https:\/\/yoast.com\/product\/yoast-seo-wordpress\/ -->\n<title>Datenschutz &#8211; Hof-H\u00f6herhaus<\/title>\n<meta name=\"description\" content=\"Der Datenschutz ist uns wichtig. Neben den \u00fcblichen Themen haben wir uns ebenso das Thema DSGVO vorgenommen.\" \/>\n<meta name=\"robots\" content=\"index, follow, max-snippet:-1, max-image-preview:large, max-video-preview:-1\" \/>\n<link rel=\"canonical\" href=\"https:\/\/hof-hoeherhaus.de\/index.php\/datenschutzerklaerung\/\" \/>\n<meta property=\"og:locale\" content=\"de_DE\" \/>\n<meta property=\"og:type\" content=\"article\" \/>\n<meta property=\"og:title\" content=\"Datenschutz &#8211; Hof-H\u00f6herhaus\" \/>\n<meta property=\"og:description\" content=\"Der Datenschutz ist uns wichtig. Neben den \u00fcblichen Themen haben wir uns ebenso das Thema DSGVO vorgenommen.\" \/>\n<meta property=\"og:url\" content=\"https:\/\/hof-hoeherhaus.de\/index.php\/datenschutzerklaerung\/\" \/>\n<meta property=\"og:site_name\" content=\"Hof-H\u00f6herhaus\" \/>\n<meta property=\"article:modified_time\" content=\"2022-02-17T20:22:56+00:00\" \/>\n<meta property=\"og:image\" content=\"https:\/\/i1.wp.com\/hof-hoeherhaus.de\/wp-content\/uploads\/2017\/03\/imp.png?zoom=0.8999999761581421&amp;resize=206%2C20\" \/>\n<meta name=\"twitter:card\" content=\"summary_large_image\" \/>\n<script type=\"application\/ld+json\" class=\"yoast-schema-graph\">{\"@context\":\"https:\\\/\\\/schema.org\",\"@graph\":[{\"@type\":\"WebPage\",\"@id\":\"https:\\\/\\\/hof-hoeherhaus.de\\\/index.php\\\/datenschutzerklaerung\\\/\",\"url\":\"https:\\\/\\\/hof-hoeherhaus.de\\\/index.php\\\/datenschutzerklaerung\\\/\",\"name\":\"Datenschutz &#8211; Hof-H\u00f6herhaus\",\"isPartOf\":{\"@id\":\"https:\\\/\\\/hof-hoeherhaus.de\\\/#website\"},\"primaryImageOfPage\":{\"@id\":\"https:\\\/\\\/hof-hoeherhaus.de\\\/index.php\\\/datenschutzerklaerung\\\/#primaryimage\"},\"image\":{\"@id\":\"https:\\\/\\\/hof-hoeherhaus.de\\\/index.php\\\/datenschutzerklaerung\\\/#primaryimage\"},\"thumbnailUrl\":\"https:\\\/\\\/i1.wp.com\\\/hof-hoeherhaus.de\\\/wp-content\\\/uploads\\\/2017\\\/03\\\/imp.png?zoom=0.8999999761581421&amp;resize=206%2C20\",\"datePublished\":\"2018-05-22T16:52:51+00:00\",\"dateModified\":\"2022-02-17T20:22:56+00:00\",\"description\":\"Der Datenschutz ist uns wichtig. Neben den \u00fcblichen Themen haben wir uns ebenso das Thema DSGVO vorgenommen.\",\"breadcrumb\":{\"@id\":\"https:\\\/\\\/hof-hoeherhaus.de\\\/index.php\\\/datenschutzerklaerung\\\/#breadcrumb\"},\"inLanguage\":\"de\",\"potentialAction\":[{\"@type\":\"ReadAction\",\"target\":[\"https:\\\/\\\/hof-hoeherhaus.de\\\/index.php\\\/datenschutzerklaerung\\\/\"]}]},{\"@type\":\"ImageObject\",\"inLanguage\":\"de\",\"@id\":\"https:\\\/\\\/hof-hoeherhaus.de\\\/index.php\\\/datenschutzerklaerung\\\/#primaryimage\",\"url\":\"https:\\\/\\\/i1.wp.com\\\/hof-hoeherhaus.de\\\/wp-content\\\/uploads\\\/2017\\\/03\\\/imp.png?zoom=0.8999999761581421&amp;resize=206%2C20\",\"contentUrl\":\"https:\\\/\\\/i1.wp.com\\\/hof-hoeherhaus.de\\\/wp-content\\\/uploads\\\/2017\\\/03\\\/imp.png?zoom=0.8999999761581421&amp;resize=206%2C20\"},{\"@type\":\"BreadcrumbList\",\"@id\":\"https:\\\/\\\/hof-hoeherhaus.de\\\/index.php\\\/datenschutzerklaerung\\\/#breadcrumb\",\"itemListElement\":[{\"@type\":\"ListItem\",\"position\":1,\"name\":\"Startseite\",\"item\":\"https:\\\/\\\/hof-hoeherhaus.de\\\/\"},{\"@type\":\"ListItem\",\"position\":2,\"name\":\"Datenschutz\"}]},{\"@type\":\"WebSite\",\"@id\":\"https:\\\/\\\/hof-hoeherhaus.de\\\/#website\",\"url\":\"https:\\\/\\\/hof-hoeherhaus.de\\\/\",\"name\":\"Hof-H\u00f6herhaus\",\"description\":\"Hof-H\u00f6herhaus - Pferde im sch\u00f6nen Drolshagener und Olper Land.\",\"publisher\":{\"@id\":\"https:\\\/\\\/hof-hoeherhaus.de\\\/#organization\"},\"potentialAction\":[{\"@type\":\"SearchAction\",\"target\":{\"@type\":\"EntryPoint\",\"urlTemplate\":\"https:\\\/\\\/hof-hoeherhaus.de\\\/?s={search_term_string}\"},\"query-input\":{\"@type\":\"PropertyValueSpecification\",\"valueRequired\":true,\"valueName\":\"search_term_string\"}}],\"inLanguage\":\"de\"},{\"@type\":\"Organization\",\"@id\":\"https:\\\/\\\/hof-hoeherhaus.de\\\/#organization\",\"name\":\"Reitgemeinschaft Hof-Hoeherhaus e.V.\",\"url\":\"https:\\\/\\\/hof-hoeherhaus.de\\\/\",\"logo\":{\"@type\":\"ImageObject\",\"inLanguage\":\"de\",\"@id\":\"https:\\\/\\\/hof-hoeherhaus.de\\\/#\\\/schema\\\/logo\\\/image\\\/\",\"url\":\"https:\\\/\\\/i0.wp.com\\\/hof-hoeherhaus.de\\\/wp-content\\\/uploads\\\/2021\\\/11\\\/18.jpg?fit=1024%2C1024&ssl=1\",\"contentUrl\":\"https:\\\/\\\/i0.wp.com\\\/hof-hoeherhaus.de\\\/wp-content\\\/uploads\\\/2021\\\/11\\\/18.jpg?fit=1024%2C1024&ssl=1\",\"width\":1024,\"height\":1024,\"caption\":\"Reitgemeinschaft Hof-Hoeherhaus e.V.\"},\"image\":{\"@id\":\"https:\\\/\\\/hof-hoeherhaus.de\\\/#\\\/schema\\\/logo\\\/image\\\/\"}}]}<\/script>\n<!-- \/ Yoast SEO plugin. -->","yoast_head_json":{"title":"Datenschutz &#8211; Hof-H\u00f6herhaus","description":"Der Datenschutz ist uns wichtig. Neben den \u00fcblichen Themen haben wir uns ebenso das Thema DSGVO vorgenommen.","robots":{"index":"index","follow":"follow","max-snippet":"max-snippet:-1","max-image-preview":"max-image-preview:large","max-video-preview":"max-video-preview:-1"},"canonical":"https:\/\/hof-hoeherhaus.de\/index.php\/datenschutzerklaerung\/","og_locale":"de_DE","og_type":"article","og_title":"Datenschutz &#8211; Hof-H\u00f6herhaus","og_description":"Der Datenschutz ist uns wichtig. Neben den \u00fcblichen Themen haben wir uns ebenso das Thema DSGVO vorgenommen.","og_url":"https:\/\/hof-hoeherhaus.de\/index.php\/datenschutzerklaerung\/","og_site_name":"Hof-H\u00f6herhaus","article_modified_time":"2022-02-17T20:22:56+00:00","og_image":[{"url":"https:\/\/i1.wp.com\/hof-hoeherhaus.de\/wp-content\/uploads\/2017\/03\/imp.png?zoom=0.8999999761581421&amp;resize=206%2C20","type":"","width":"","height":""}],"twitter_card":"summary_large_image","schema":{"@context":"https:\/\/schema.org","@graph":[{"@type":"WebPage","@id":"https:\/\/hof-hoeherhaus.de\/index.php\/datenschutzerklaerung\/","url":"https:\/\/hof-hoeherhaus.de\/index.php\/datenschutzerklaerung\/","name":"Datenschutz &#8211; Hof-H\u00f6herhaus","isPartOf":{"@id":"https:\/\/hof-hoeherhaus.de\/#website"},"primaryImageOfPage":{"@id":"https:\/\/hof-hoeherhaus.de\/index.php\/datenschutzerklaerung\/#primaryimage"},"image":{"@id":"https:\/\/hof-hoeherhaus.de\/index.php\/datenschutzerklaerung\/#primaryimage"},"thumbnailUrl":"https:\/\/i1.wp.com\/hof-hoeherhaus.de\/wp-content\/uploads\/2017\/03\/imp.png?zoom=0.8999999761581421&amp;resize=206%2C20","datePublished":"2018-05-22T16:52:51+00:00","dateModified":"2022-02-17T20:22:56+00:00","description":"Der Datenschutz ist uns wichtig. Neben den \u00fcblichen Themen haben wir uns ebenso das Thema DSGVO vorgenommen.","breadcrumb":{"@id":"https:\/\/hof-hoeherhaus.de\/index.php\/datenschutzerklaerung\/#breadcrumb"},"inLanguage":"de","potentialAction":[{"@type":"ReadAction","target":["https:\/\/hof-hoeherhaus.de\/index.php\/datenschutzerklaerung\/"]}]},{"@type":"ImageObject","inLanguage":"de","@id":"https:\/\/hof-hoeherhaus.de\/index.php\/datenschutzerklaerung\/#primaryimage","url":"https:\/\/i1.wp.com\/hof-hoeherhaus.de\/wp-content\/uploads\/2017\/03\/imp.png?zoom=0.8999999761581421&amp;resize=206%2C20","contentUrl":"https:\/\/i1.wp.com\/hof-hoeherhaus.de\/wp-content\/uploads\/2017\/03\/imp.png?zoom=0.8999999761581421&amp;resize=206%2C20"},{"@type":"BreadcrumbList","@id":"https:\/\/hof-hoeherhaus.de\/index.php\/datenschutzerklaerung\/#breadcrumb","itemListElement":[{"@type":"ListItem","position":1,"name":"Startseite","item":"https:\/\/hof-hoeherhaus.de\/"},{"@type":"ListItem","position":2,"name":"Datenschutz"}]},{"@type":"WebSite","@id":"https:\/\/hof-hoeherhaus.de\/#website","url":"https:\/\/hof-hoeherhaus.de\/","name":"Hof-H\u00f6herhaus","description":"Hof-H\u00f6herhaus - Pferde im sch\u00f6nen Drolshagener und Olper Land.","publisher":{"@id":"https:\/\/hof-hoeherhaus.de\/#organization"},"potentialAction":[{"@type":"SearchAction","target":{"@type":"EntryPoint","urlTemplate":"https:\/\/hof-hoeherhaus.de\/?s={search_term_string}"},"query-input":{"@type":"PropertyValueSpecification","valueRequired":true,"valueName":"search_term_string"}}],"inLanguage":"de"},{"@type":"Organization","@id":"https:\/\/hof-hoeherhaus.de\/#organization","name":"Reitgemeinschaft Hof-Hoeherhaus e.V.","url":"https:\/\/hof-hoeherhaus.de\/","logo":{"@type":"ImageObject","inLanguage":"de","@id":"https:\/\/hof-hoeherhaus.de\/#\/schema\/logo\/image\/","url":"https:\/\/i0.wp.com\/hof-hoeherhaus.de\/wp-content\/uploads\/2021\/11\/18.jpg?fit=1024%2C1024&ssl=1","contentUrl":"https:\/\/i0.wp.com\/hof-hoeherhaus.de\/wp-content\/uploads\/2021\/11\/18.jpg?fit=1024%2C1024&ssl=1","width":1024,"height":1024,"caption":"Reitgemeinschaft Hof-Hoeherhaus e.V."},"image":{"@id":"https:\/\/hof-hoeherhaus.de\/#\/schema\/logo\/image\/"}}]}},"jetpack-related-posts":[{"id":1480,"url":"https:\/\/hof-hoeherhaus.de\/index.php\/impressum\/","url_meta":{"origin":3193,"position":0},"title":"Impressum","author":"Christian Feldmann","date":"7. M\u00e4rz 2017","format":false,"excerpt":"Angaben gem\u00e4\u00df \u00a7 5 TMG: Karl-Heinz Feldmann Reiterhof H\u00f6herhaus 7 574879 Drolshagen-Essinghausen Kontakt: Telefon: 0049 2761 3288 E-Mail: Quelle: https:\/\/www.e-recht24.de \u00a0 Haftungsausschluss (Disclaimer) Haftung f\u00fcr Inhalte Als Diensteanbieter sind wir gem\u00e4\u00df \u00a7 7 Abs.1 TMG f\u00fcr eigene Inhalte auf diesen Seiten nach den allgemeinen Gesetzen verantwortlich. Nach \u00a7\u00a7 8 bis\u2026","rel":"","context":"\u00c4hnlicher Beitrag","block_context":{"text":"\u00c4hnlicher Beitrag","link":""},"img":{"alt_text":"hh 1 von 1","src":"https:\/\/i0.wp.com\/hof-hoeherhaus.de\/wp-content\/uploads\/2011\/08\/hh_1_von_1.jpg?fit=1200%2C443&ssl=1&resize=350%2C200","width":350,"height":200,"srcset":"https:\/\/i0.wp.com\/hof-hoeherhaus.de\/wp-content\/uploads\/2011\/08\/hh_1_von_1.jpg?fit=1200%2C443&ssl=1&resize=350%2C200 1x, https:\/\/i0.wp.com\/hof-hoeherhaus.de\/wp-content\/uploads\/2011\/08\/hh_1_von_1.jpg?fit=1200%2C443&ssl=1&resize=525%2C300 1.5x, https:\/\/i0.wp.com\/hof-hoeherhaus.de\/wp-content\/uploads\/2011\/08\/hh_1_von_1.jpg?fit=1200%2C443&ssl=1&resize=700%2C400 2x, https:\/\/i0.wp.com\/hof-hoeherhaus.de\/wp-content\/uploads\/2011\/08\/hh_1_von_1.jpg?fit=1200%2C443&ssl=1&resize=1050%2C600 3x"},"classes":[]}],"jetpack_sharing_enabled":true,"_links":{"self":[{"href":"https:\/\/hof-hoeherhaus.de\/index.php\/wp-json\/wp\/v2\/pages\/3193","targetHints":{"allow":["GET"]}}],"collection":[{"href":"https:\/\/hof-hoeherhaus.de\/index.php\/wp-json\/wp\/v2\/pages"}],"about":[{"href":"https:\/\/hof-hoeherhaus.de\/index.php\/wp-json\/wp\/v2\/types\/page"}],"author":[{"embeddable":true,"href":"https:\/\/hof-hoeherhaus.de\/index.php\/wp-json\/wp\/v2\/users\/2"}],"replies":[{"embeddable":true,"href":"https:\/\/hof-hoeherhaus.de\/index.php\/wp-json\/wp\/v2\/comments?post=3193"}],"version-history":[{"count":10,"href":"https:\/\/hof-hoeherhaus.de\/index.php\/wp-json\/wp\/v2\/pages\/3193\/revisions"}],"predecessor-version":[{"id":4175,"href":"https:\/\/hof-hoeherhaus.de\/index.php\/wp-json\/wp\/v2\/pages\/3193\/revisions\/4175"}],"wp:attachment":[{"href":"https:\/\/hof-hoeherhaus.de\/index.php\/wp-json\/wp\/v2\/media?parent=3193"}],"curies":[{"name":"wp","href":"https:\/\/api.w.org\/{rel}","templated":true}]}}