{"id":4901,"date":"2024-03-24T19:43:37","date_gmt":"2024-03-24T18:43:37","guid":{"rendered":"https:\/\/hof-hoeherhaus.de\/?page_id=4901"},"modified":"2024-03-24T19:43:38","modified_gmt":"2024-03-24T18:43:38","slug":"4901-2","status":"publish","type":"page","link":"https:\/\/hof-hoeherhaus.de\/index.php\/4901-2\/","title":{"rendered":""},"content":{"rendered":"\n<div data-wp-interactive=\"core\/file\" class=\"wp-block-file\"><object data-wp-bind--hidden=\"!state.hasPdfPreview\" hidden class=\"wp-block-file__embed\" data=\"https:\/\/hof-hoeherhaus.de\/wp-content\/uploads\/2024\/03\/Einladung-Lehrgang-Dr.-Christine-Friedrich.pdf\" type=\"application\/pdf\" style=\"width:100%;height:600px\" aria-label=\"Einbettung von Einladung Lehrgang Dr. Christine Friedrich.\"><\/object><a id=\"wp-block-file--media-ebc500d6-ce96-4480-af65-9335a8424496\" href=\"https:\/\/hof-hoeherhaus.de\/wp-content\/uploads\/2024\/03\/Einladung-Lehrgang-Dr.-Christine-Friedrich.pdf\">Einladung Lehrgang Dr. Christine Friedrich<\/a><a href=\"https:\/\/hof-hoeherhaus.de\/wp-content\/uploads\/2024\/03\/Einladung-Lehrgang-Dr.-Christine-Friedrich.pdf\" class=\"wp-block-file__button wp-element-button\" download aria-describedby=\"wp-block-file--media-ebc500d6-ce96-4480-af65-9335a8424496\">Herunterladen<\/a><\/div>\n","protected":false},"excerpt":{"rendered":"","protected":false},"author":2,"featured_media":0,"parent":0,"menu_order":0,"comment_status":"closed","ping_status":"closed","template":"","meta":{"footnotes":""},"class_list":{"0":"post-4901","1":"page","2":"type-page","3":"status-publish","4":"hentry","5":"","6":"blog-alt-layout","7":"blog-style-postblock","9":"blog-alt-odd"},"yoast_head":"<!-- This site is optimized with the Yoast SEO plugin v27.4 - https:\/\/yoast.com\/product\/yoast-seo-wordpress\/ -->\n<title>&#8211; Hof-H\u00f6herhaus<\/title>\n<meta name=\"robots\" content=\"index, follow, max-snippet:-1, max-image-preview:large, max-video-preview:-1\" \/>\n<link rel=\"canonical\" href=\"https:\/\/hof-hoeherhaus.de\/index.php\/4901-2\/\" \/>\n<meta property=\"og:locale\" content=\"de_DE\" \/>\n<meta property=\"og:type\" content=\"article\" \/>\n<meta property=\"og:title\" content=\"&#8211; Hof-H\u00f6herhaus\" \/>\n<meta property=\"og:url\" content=\"https:\/\/hof-hoeherhaus.de\/index.php\/4901-2\/\" \/>\n<meta property=\"og:site_name\" content=\"Hof-H\u00f6herhaus\" \/>\n<meta property=\"article:modified_time\" content=\"2024-03-24T18:43:38+00:00\" \/>\n<meta property=\"og:image\" content=\"https:\/\/i0.wp.com\/hof-hoeherhaus.de\/wp-content\/uploads\/2012\/07\/pferd-olpe-drolshagen-turnier-yvonne-haehner-simply-black-05.jpg?fit=645%2C800&ssl=1\" \/>\n\t<meta property=\"og:image:width\" content=\"645\" \/>\n\t<meta property=\"og:image:height\" content=\"800\" \/>\n\t<meta property=\"og:image:type\" content=\"image\/jpeg\" \/>\n<meta name=\"twitter:card\" content=\"summary_large_image\" \/>\n<script type=\"application\/ld+json\" class=\"yoast-schema-graph\">{\"@context\":\"https:\\\/\\\/schema.org\",\"@graph\":[{\"@type\":\"WebPage\",\"@id\":\"https:\\\/\\\/hof-hoeherhaus.de\\\/index.php\\\/4901-2\\\/\",\"url\":\"https:\\\/\\\/hof-hoeherhaus.de\\\/index.php\\\/4901-2\\\/\",\"name\":\"&#8211; Hof-H\u00f6herhaus\",\"isPartOf\":{\"@id\":\"https:\\\/\\\/hof-hoeherhaus.de\\\/#website\"},\"datePublished\":\"2024-03-24T18:43:37+00:00\",\"dateModified\":\"2024-03-24T18:43:38+00:00\",\"inLanguage\":\"de\",\"potentialAction\":[{\"@type\":\"ReadAction\",\"target\":[\"https:\\\/\\\/hof-hoeherhaus.de\\\/index.php\\\/4901-2\\\/\"]}]},{\"@type\":\"WebSite\",\"@id\":\"https:\\\/\\\/hof-hoeherhaus.de\\\/#website\",\"url\":\"https:\\\/\\\/hof-hoeherhaus.de\\\/\",\"name\":\"Hof-H\u00f6herhaus\",\"description\":\"Hof-H\u00f6herhaus - Pferde im sch\u00f6nen Drolshagener und Olper Land.\",\"publisher\":{\"@id\":\"https:\\\/\\\/hof-hoeherhaus.de\\\/#organization\"},\"potentialAction\":[{\"@type\":\"SearchAction\",\"target\":{\"@type\":\"EntryPoint\",\"urlTemplate\":\"https:\\\/\\\/hof-hoeherhaus.de\\\/?s={search_term_string}\"},\"query-input\":{\"@type\":\"PropertyValueSpecification\",\"valueRequired\":true,\"valueName\":\"search_term_string\"}}],\"inLanguage\":\"de\"},{\"@type\":\"Organization\",\"@id\":\"https:\\\/\\\/hof-hoeherhaus.de\\\/#organization\",\"name\":\"Reitgemeinschaft Hof-Hoeherhaus e.V.\",\"url\":\"https:\\\/\\\/hof-hoeherhaus.de\\\/\",\"logo\":{\"@type\":\"ImageObject\",\"inLanguage\":\"de\",\"@id\":\"https:\\\/\\\/hof-hoeherhaus.de\\\/#\\\/schema\\\/logo\\\/image\\\/\",\"url\":\"https:\\\/\\\/i0.wp.com\\\/hof-hoeherhaus.de\\\/wp-content\\\/uploads\\\/2021\\\/11\\\/18.jpg?fit=1024%2C1024&ssl=1\",\"contentUrl\":\"https:\\\/\\\/i0.wp.com\\\/hof-hoeherhaus.de\\\/wp-content\\\/uploads\\\/2021\\\/11\\\/18.jpg?fit=1024%2C1024&ssl=1\",\"width\":1024,\"height\":1024,\"caption\":\"Reitgemeinschaft Hof-Hoeherhaus e.V.\"},\"image\":{\"@id\":\"https:\\\/\\\/hof-hoeherhaus.de\\\/#\\\/schema\\\/logo\\\/image\\\/\"}}]}<\/script>\n<!-- \/ Yoast SEO plugin. -->","yoast_head_json":{"title":"&#8211; Hof-H\u00f6herhaus","robots":{"index":"index","follow":"follow","max-snippet":"max-snippet:-1","max-image-preview":"max-image-preview:large","max-video-preview":"max-video-preview:-1"},"canonical":"https:\/\/hof-hoeherhaus.de\/index.php\/4901-2\/","og_locale":"de_DE","og_type":"article","og_title":"&#8211; Hof-H\u00f6herhaus","og_url":"https:\/\/hof-hoeherhaus.de\/index.php\/4901-2\/","og_site_name":"Hof-H\u00f6herhaus","article_modified_time":"2024-03-24T18:43:38+00:00","og_image":[{"width":645,"height":800,"url":"https:\/\/i0.wp.com\/hof-hoeherhaus.de\/wp-content\/uploads\/2012\/07\/pferd-olpe-drolshagen-turnier-yvonne-haehner-simply-black-05.jpg?fit=645%2C800&ssl=1","type":"image\/jpeg"}],"twitter_card":"summary_large_image","schema":{"@context":"https:\/\/schema.org","@graph":[{"@type":"WebPage","@id":"https:\/\/hof-hoeherhaus.de\/index.php\/4901-2\/","url":"https:\/\/hof-hoeherhaus.de\/index.php\/4901-2\/","name":"&#8211; Hof-H\u00f6herhaus","isPartOf":{"@id":"https:\/\/hof-hoeherhaus.de\/#website"},"datePublished":"2024-03-24T18:43:37+00:00","dateModified":"2024-03-24T18:43:38+00:00","inLanguage":"de","potentialAction":[{"@type":"ReadAction","target":["https:\/\/hof-hoeherhaus.de\/index.php\/4901-2\/"]}]},{"@type":"WebSite","@id":"https:\/\/hof-hoeherhaus.de\/#website","url":"https:\/\/hof-hoeherhaus.de\/","name":"Hof-H\u00f6herhaus","description":"Hof-H\u00f6herhaus - Pferde im sch\u00f6nen Drolshagener und Olper Land.","publisher":{"@id":"https:\/\/hof-hoeherhaus.de\/#organization"},"potentialAction":[{"@type":"SearchAction","target":{"@type":"EntryPoint","urlTemplate":"https:\/\/hof-hoeherhaus.de\/?s={search_term_string}"},"query-input":{"@type":"PropertyValueSpecification","valueRequired":true,"valueName":"search_term_string"}}],"inLanguage":"de"},{"@type":"Organization","@id":"https:\/\/hof-hoeherhaus.de\/#organization","name":"Reitgemeinschaft Hof-Hoeherhaus e.V.","url":"https:\/\/hof-hoeherhaus.de\/","logo":{"@type":"ImageObject","inLanguage":"de","@id":"https:\/\/hof-hoeherhaus.de\/#\/schema\/logo\/image\/","url":"https:\/\/i0.wp.com\/hof-hoeherhaus.de\/wp-content\/uploads\/2021\/11\/18.jpg?fit=1024%2C1024&ssl=1","contentUrl":"https:\/\/i0.wp.com\/hof-hoeherhaus.de\/wp-content\/uploads\/2021\/11\/18.jpg?fit=1024%2C1024&ssl=1","width":1024,"height":1024,"caption":"Reitgemeinschaft Hof-Hoeherhaus e.V."},"image":{"@id":"https:\/\/hof-hoeherhaus.de\/#\/schema\/logo\/image\/"}}]}},"jetpack-related-posts":[{"id":16,"url":"https:\/\/hof-hoeherhaus.de\/index.php\/training-spielt-eine-grosse-role\/","url_meta":{"origin":4901,"position":0},"title":"Training spielt eine gro\u00dfe Rolle","author":"Christian Feldmann","date":"14. November 2016","format":false,"excerpt":"In jedem Reitbetrieb z\u00e4hlen neben einer guten Ausstattung und einer guten Unterbringung die Ausbildung. Aus diesem Grunde arbeiten wir eng mit einigen Ausbildern zusammen, die uns und unsere Einsteller mit Rat, Tat und Schulungen zur Seite stehen. Ein guter Trainer zeichnet sich nicht nur durch eine gute Ausbildung und den\u2026","rel":"","context":"\u00c4hnlicher Beitrag","block_context":{"text":"\u00c4hnlicher Beitrag","link":""},"img":{"alt_text":"","src":"https:\/\/i0.wp.com\/hof-hoeherhaus.de\/wp-content\/uploads\/2016\/11\/13503083_841466349292501_9177334413366825253_o.jpg?fit=1200%2C901&ssl=1&resize=350%2C200","width":350,"height":200,"srcset":"https:\/\/i0.wp.com\/hof-hoeherhaus.de\/wp-content\/uploads\/2016\/11\/13503083_841466349292501_9177334413366825253_o.jpg?fit=1200%2C901&ssl=1&resize=350%2C200 1x, https:\/\/i0.wp.com\/hof-hoeherhaus.de\/wp-content\/uploads\/2016\/11\/13503083_841466349292501_9177334413366825253_o.jpg?fit=1200%2C901&ssl=1&resize=525%2C300 1.5x, https:\/\/i0.wp.com\/hof-hoeherhaus.de\/wp-content\/uploads\/2016\/11\/13503083_841466349292501_9177334413366825253_o.jpg?fit=1200%2C901&ssl=1&resize=700%2C400 2x, https:\/\/i0.wp.com\/hof-hoeherhaus.de\/wp-content\/uploads\/2016\/11\/13503083_841466349292501_9177334413366825253_o.jpg?fit=1200%2C901&ssl=1&resize=1050%2C600 3x"},"classes":[]},{"id":1014,"url":"https:\/\/hof-hoeherhaus.de\/index.php\/kontakt\/","url_meta":{"origin":4901,"position":1},"title":"Kontakt","author":"Christian Feldmann","date":"19. Februar 2017","format":false,"excerpt":"[contact-form-7 id=\"862\" title=\"Contact form 1\"]","rel":"","context":"\u00c4hnlicher Beitrag","block_context":{"text":"\u00c4hnlicher Beitrag","link":""},"img":{"alt_text":"Hof H\u00f6herhaus in der Vergangenheit","src":"https:\/\/i0.wp.com\/hof-hoeherhaus.de\/wp-content\/uploads\/2016\/11\/alteshaus.jpg?fit=400%2C288&ssl=1&resize=350%2C200","width":350,"height":200},"classes":[]},{"id":18,"url":"https:\/\/hof-hoeherhaus.de\/index.php\/die-stallungen\/","url_meta":{"origin":4901,"position":2},"title":"Die Stallungen","author":"Christian Feldmann","date":"14. November 2016","format":false,"excerpt":"Derzeit verf\u00fcgen wir \u00fcber 15 helle Gaststallungen mit der M\u00f6glichkeit ein Fenster sowohl zur Stallgasse als auch nach au\u00dfen \u00f6ffnen zu k\u00f6nnen. So ist es den Tieren m\u00f6glich, mit ihren Nachbarn Kontakte kn\u00fcpfen und am Stallgeschehen teilnehmen zu k\u00f6nnen. Pferde sollten sich nicht langweilen und daf\u00fcr ist gesorgt.\u00a0 Der mehr\u2026","rel":"","context":"\u00c4hnlicher Beitrag","block_context":{"text":"\u00c4hnlicher Beitrag","link":""},"img":{"alt_text":"","src":"https:\/\/i0.wp.com\/hof-hoeherhaus.de\/wp-content\/uploads\/2016\/11\/Bild-003.jpg?fit=1200%2C800&ssl=1&resize=350%2C200","width":350,"height":200,"srcset":"https:\/\/i0.wp.com\/hof-hoeherhaus.de\/wp-content\/uploads\/2016\/11\/Bild-003.jpg?fit=1200%2C800&ssl=1&resize=350%2C200 1x, https:\/\/i0.wp.com\/hof-hoeherhaus.de\/wp-content\/uploads\/2016\/11\/Bild-003.jpg?fit=1200%2C800&ssl=1&resize=525%2C300 1.5x, https:\/\/i0.wp.com\/hof-hoeherhaus.de\/wp-content\/uploads\/2016\/11\/Bild-003.jpg?fit=1200%2C800&ssl=1&resize=700%2C400 2x, https:\/\/i0.wp.com\/hof-hoeherhaus.de\/wp-content\/uploads\/2016\/11\/Bild-003.jpg?fit=1200%2C800&ssl=1&resize=1050%2C600 3x"},"classes":[]},{"id":11,"url":"https:\/\/hof-hoeherhaus.de\/index.php\/ueber-uns\/","url_meta":{"origin":4901,"position":3},"title":"\u00dcber uns","author":"Christian Feldmann","date":"13. November 2016","format":false,"excerpt":"\u00dcber uns - Die Geschichte des Hofs Der Hof, der in dem kleinen Ort Essinghausen - bei Drolshagen - liegt, besteht jetzt seit vier Generationen im Familienbesitz. Im Jahr 1986 wurde er durch einen Gro\u00dfbrand v\u00f6llig zerst\u00f6rt. Daraufhin entstanden neue, moderne Stallungen, eingebettet in die idyllische Umgebung eines damals 120-Seelen-Dorfes.\u2026","rel":"","context":"\u00c4hnlicher Beitrag","block_context":{"text":"\u00c4hnlicher Beitrag","link":""},"img":{"alt_text":"Hof-H\u00f6herhaus wie es heute aussieht!","src":"https:\/\/i0.wp.com\/hof-hoeherhaus.de\/wp-content\/uploads\/2016\/11\/ganzneueshaus.jpg?fit=1200%2C443&ssl=1&resize=350%2C200","width":350,"height":200,"srcset":"https:\/\/i0.wp.com\/hof-hoeherhaus.de\/wp-content\/uploads\/2016\/11\/ganzneueshaus.jpg?fit=1200%2C443&ssl=1&resize=350%2C200 1x, https:\/\/i0.wp.com\/hof-hoeherhaus.de\/wp-content\/uploads\/2016\/11\/ganzneueshaus.jpg?fit=1200%2C443&ssl=1&resize=525%2C300 1.5x, https:\/\/i0.wp.com\/hof-hoeherhaus.de\/wp-content\/uploads\/2016\/11\/ganzneueshaus.jpg?fit=1200%2C443&ssl=1&resize=700%2C400 2x, https:\/\/i0.wp.com\/hof-hoeherhaus.de\/wp-content\/uploads\/2016\/11\/ganzneueshaus.jpg?fit=1200%2C443&ssl=1&resize=1050%2C600 3x"},"classes":[]},{"id":79,"url":"https:\/\/hof-hoeherhaus.de\/index.php\/bilder\/","url_meta":{"origin":4901,"position":4},"title":"Bilder","author":"Christian Feldmann","date":"15. Dezember 2016","format":false,"excerpt":"Wie sch\u00f6n unser Ort, die Landschaft, der Hof und das Hobby ist, vergisst man schnell mal. Vor vielen Jahren habe ich mir die Fotografie zum Hobby gemacht, weil mir eben diese Vergesslichkeit bewusst wurde. Wenn sich die Verg\u00e4nglichkeit zur Vergesslichkeit gesellt, werden Erinnerungen noch wichtiger! Ich archiviere seit Jahren fast\u2026","rel":"","context":"\u00c4hnlicher Beitrag","block_context":{"text":"\u00c4hnlicher Beitrag","link":""},"img":{"alt_text":"","src":"https:\/\/i0.wp.com\/hof-hoeherhaus.de\/wp-content\/uploads\/2013\/07\/Pferdefotos-20-von-22.jpg?fit=1200%2C795&ssl=1&resize=350%2C200","width":350,"height":200,"srcset":"https:\/\/i0.wp.com\/hof-hoeherhaus.de\/wp-content\/uploads\/2013\/07\/Pferdefotos-20-von-22.jpg?fit=1200%2C795&ssl=1&resize=350%2C200 1x, https:\/\/i0.wp.com\/hof-hoeherhaus.de\/wp-content\/uploads\/2013\/07\/Pferdefotos-20-von-22.jpg?fit=1200%2C795&ssl=1&resize=525%2C300 1.5x, https:\/\/i0.wp.com\/hof-hoeherhaus.de\/wp-content\/uploads\/2013\/07\/Pferdefotos-20-von-22.jpg?fit=1200%2C795&ssl=1&resize=700%2C400 2x, https:\/\/i0.wp.com\/hof-hoeherhaus.de\/wp-content\/uploads\/2013\/07\/Pferdefotos-20-von-22.jpg?fit=1200%2C795&ssl=1&resize=1050%2C600 3x"},"classes":[]},{"id":20,"url":"https:\/\/hof-hoeherhaus.de\/index.php\/essinghausen\/","url_meta":{"origin":4901,"position":5},"title":"Essinghausen","author":"Christian Feldmann","date":"14. November 2016","format":false,"excerpt":"Der Hof liegt im kleinen Ort Essinghausen. Ein kleines Dorf nahe Drolshagen \/ Olpe ganz am Rande des Sauerlands und inmitten von Wald und Wiesen. Die N\u00e4he zur Lister- und Biggetalsperre\u00a0macht die Umgebung zu einem ausgezeichneten Urlaubs- und Freizeitort. Essinghausen ist mehrfach als einer der sch\u00f6nsten Orte im Kreis Olpe\u2026","rel":"","context":"\u00c4hnlicher Beitrag","block_context":{"text":"\u00c4hnlicher Beitrag","link":""},"img":{"alt_text":"","src":"https:\/\/i0.wp.com\/hof-hoeherhaus.de\/wp-content\/uploads\/2017\/05\/hof-hoeherhaus-anweiden-6-von-19.jpg?fit=1200%2C800&ssl=1&resize=350%2C200","width":350,"height":200,"srcset":"https:\/\/i0.wp.com\/hof-hoeherhaus.de\/wp-content\/uploads\/2017\/05\/hof-hoeherhaus-anweiden-6-von-19.jpg?fit=1200%2C800&ssl=1&resize=350%2C200 1x, https:\/\/i0.wp.com\/hof-hoeherhaus.de\/wp-content\/uploads\/2017\/05\/hof-hoeherhaus-anweiden-6-von-19.jpg?fit=1200%2C800&ssl=1&resize=525%2C300 1.5x, https:\/\/i0.wp.com\/hof-hoeherhaus.de\/wp-content\/uploads\/2017\/05\/hof-hoeherhaus-anweiden-6-von-19.jpg?fit=1200%2C800&ssl=1&resize=700%2C400 2x, https:\/\/i0.wp.com\/hof-hoeherhaus.de\/wp-content\/uploads\/2017\/05\/hof-hoeherhaus-anweiden-6-von-19.jpg?fit=1200%2C800&ssl=1&resize=1050%2C600 3x"},"classes":[]}],"jetpack_sharing_enabled":true,"_links":{"self":[{"href":"https:\/\/hof-hoeherhaus.de\/index.php\/wp-json\/wp\/v2\/pages\/4901","targetHints":{"allow":["GET"]}}],"collection":[{"href":"https:\/\/hof-hoeherhaus.de\/index.php\/wp-json\/wp\/v2\/pages"}],"about":[{"href":"https:\/\/hof-hoeherhaus.de\/index.php\/wp-json\/wp\/v2\/types\/page"}],"author":[{"embeddable":true,"href":"https:\/\/hof-hoeherhaus.de\/index.php\/wp-json\/wp\/v2\/users\/2"}],"replies":[{"embeddable":true,"href":"https:\/\/hof-hoeherhaus.de\/index.php\/wp-json\/wp\/v2\/comments?post=4901"}],"version-history":[{"count":1,"href":"https:\/\/hof-hoeherhaus.de\/index.php\/wp-json\/wp\/v2\/pages\/4901\/revisions"}],"predecessor-version":[{"id":4902,"href":"https:\/\/hof-hoeherhaus.de\/index.php\/wp-json\/wp\/v2\/pages\/4901\/revisions\/4902"}],"wp:attachment":[{"href":"https:\/\/hof-hoeherhaus.de\/index.php\/wp-json\/wp\/v2\/media?parent=4901"}],"curies":[{"name":"wp","href":"https:\/\/api.w.org\/{rel}","templated":true}]}}