{"id":913,"date":"2017-02-16T21:39:14","date_gmt":"2017-02-16T21:39:14","guid":{"rendered":"http:\/\/wp.rg-hh.de\/?page_id=913"},"modified":"2021-11-25T21:31:24","modified_gmt":"2021-11-25T20:31:24","slug":"anfahrt","status":"publish","type":"page","link":"https:\/\/hof-hoeherhaus.de\/index.php\/anfahrt\/","title":{"rendered":"Anfahrt"},"content":{"rendered":"\n<h3 class=\"widget-title wp-block-heading\">Anfahrt zum Hof-H\u00f6herhaus<\/h3>\n\n\n\n<p>Autobahnabfahrt A17 in Richtung Drolshagen\/Bergneustadt abfahren. Nach etwa 200 Metern links auf die K15 in Richtung Drolshagen abbiegen und diese nach weiteren 500 Metern wieder links auf die K16 in Richtung Dumicke verlassen. Nach etwa 300 Metern k\u00f6nnen Sie rechts schon in Richtung Essinghausen abbiegen. Etwa 1 Kilometer weiter biegen Sie wieder Links in die Stra\u00dfe H\u00f6herhaus ein. Nach etwa 150 Metern haben Sie ihr Ziel erreicht! Herzlich willkommen!<\/p>\n\n\n\n<p><iframe loading=\"lazy\" style=\"border: 0;\" src=\"https:\/\/www.google.com\/maps\/embed?pb=!1m18!1m12!1m3!1d2470.7441992004074!2d7.779678329478595!3d51.0458211570517!2m3!1f0!2f0!3f0!3m2!1i1024!2i768!4f13.1!3m3!1m2!1s0x47bead82889fa825%3A0x13e3ffc42a8099eb!2sHof-H%C3%B6herhaus!5e1!3m2!1sde!2sde!4v1515351396220\" width=\"800\" height=\"600\" frameborder=\"0\" allowfullscreen=\"allowfullscreen\"><\/iframe><\/p>\n","protected":false},"excerpt":{"rendered":"<p>Anfahrt zum Hof-H\u00f6herhaus Autobahnabfahrt A17 in Richtung Drolshagen\/Bergneustadt abfahren. Nach etwa 200 Metern links auf die K15 in Richtung Drolshagen abbiegen und diese nach weiteren 500 Metern wieder links auf die K16 in Richtung Dumicke verlassen. Nach etwa 300 Metern k\u00f6nnen Sie rechts schon in Richtung Essinghausen abbiegen. Etwa 1 Kilometer weiter biegen Sie wieder [&hellip;]<\/p>\n","protected":false},"author":2,"featured_media":3721,"parent":0,"menu_order":0,"comment_status":"closed","ping_status":"closed","template":"","meta":{"footnotes":""},"class_list":{"0":"post-913","1":"page","2":"type-page","3":"status-publish","4":"has-post-thumbnail","5":"hentry","6":"","7":"blog-alt-layout","8":"blog-style-postblock","10":"blog-alt-odd"},"yoast_head":"<!-- This site is optimized with the Yoast SEO plugin v27.6 - https:\/\/yoast.com\/product\/yoast-seo-wordpress\/ -->\n<title>Anfahrt &#8211; Hof-H\u00f6herhaus<\/title>\n<meta name=\"description\" content=\"Autobahnabfahrt A17 in Richtung Drolshagen\/Bergneustadt abfahren. Nach etwa 200 Metern links auf die K15 in Richtung Drolshagen abbiegen...\" \/>\n<meta name=\"robots\" content=\"index, follow, max-snippet:-1, max-image-preview:large, max-video-preview:-1\" \/>\n<link rel=\"canonical\" href=\"https:\/\/hof-hoeherhaus.de\/index.php\/anfahrt\/\" \/>\n<meta property=\"og:locale\" content=\"de_DE\" \/>\n<meta property=\"og:type\" content=\"article\" \/>\n<meta property=\"og:title\" content=\"Anfahrt &#8211; Hof-H\u00f6herhaus\" \/>\n<meta property=\"og:description\" content=\"Autobahnabfahrt A17 in Richtung Drolshagen\/Bergneustadt abfahren. Nach etwa 200 Metern links auf die K15 in Richtung Drolshagen abbiegen...\" \/>\n<meta property=\"og:url\" content=\"https:\/\/hof-hoeherhaus.de\/index.php\/anfahrt\/\" \/>\n<meta property=\"og:site_name\" content=\"Hof-H\u00f6herhaus\" \/>\n<meta property=\"article:modified_time\" content=\"2021-11-25T20:31:24+00:00\" \/>\n<meta property=\"og:image\" content=\"https:\/\/hof-hoeherhaus.de\/wp-content\/uploads\/2021\/11\/Pferdewaage-Hof-Hoeherhaus.jpg\" \/>\n\t<meta property=\"og:image:width\" content=\"1280\" \/>\n\t<meta property=\"og:image:height\" content=\"720\" \/>\n\t<meta property=\"og:image:type\" content=\"image\/jpeg\" \/>\n<meta name=\"twitter:card\" content=\"summary_large_image\" \/>\n<script type=\"application\/ld+json\" class=\"yoast-schema-graph\">{\"@context\":\"https:\\\/\\\/schema.org\",\"@graph\":[{\"@type\":\"WebPage\",\"@id\":\"https:\\\/\\\/hof-hoeherhaus.de\\\/index.php\\\/anfahrt\\\/\",\"url\":\"https:\\\/\\\/hof-hoeherhaus.de\\\/index.php\\\/anfahrt\\\/\",\"name\":\"Anfahrt &#8211; Hof-H\u00f6herhaus\",\"isPartOf\":{\"@id\":\"https:\\\/\\\/hof-hoeherhaus.de\\\/#website\"},\"primaryImageOfPage\":{\"@id\":\"https:\\\/\\\/hof-hoeherhaus.de\\\/index.php\\\/anfahrt\\\/#primaryimage\"},\"image\":{\"@id\":\"https:\\\/\\\/hof-hoeherhaus.de\\\/index.php\\\/anfahrt\\\/#primaryimage\"},\"thumbnailUrl\":\"https:\\\/\\\/i0.wp.com\\\/hof-hoeherhaus.de\\\/wp-content\\\/uploads\\\/2021\\\/11\\\/Pferdewaage-Hof-Hoeherhaus.jpg?fit=1280%2C720&ssl=1\",\"datePublished\":\"2017-02-16T21:39:14+00:00\",\"dateModified\":\"2021-11-25T20:31:24+00:00\",\"description\":\"Autobahnabfahrt A17 in Richtung Drolshagen\\\/Bergneustadt abfahren. Nach etwa 200 Metern links auf die K15 in Richtung Drolshagen abbiegen...\",\"breadcrumb\":{\"@id\":\"https:\\\/\\\/hof-hoeherhaus.de\\\/index.php\\\/anfahrt\\\/#breadcrumb\"},\"inLanguage\":\"de\",\"potentialAction\":[{\"@type\":\"ReadAction\",\"target\":[\"https:\\\/\\\/hof-hoeherhaus.de\\\/index.php\\\/anfahrt\\\/\"]}]},{\"@type\":\"ImageObject\",\"inLanguage\":\"de\",\"@id\":\"https:\\\/\\\/hof-hoeherhaus.de\\\/index.php\\\/anfahrt\\\/#primaryimage\",\"url\":\"https:\\\/\\\/i0.wp.com\\\/hof-hoeherhaus.de\\\/wp-content\\\/uploads\\\/2021\\\/11\\\/Pferdewaage-Hof-Hoeherhaus.jpg?fit=1280%2C720&ssl=1\",\"contentUrl\":\"https:\\\/\\\/i0.wp.com\\\/hof-hoeherhaus.de\\\/wp-content\\\/uploads\\\/2021\\\/11\\\/Pferdewaage-Hof-Hoeherhaus.jpg?fit=1280%2C720&ssl=1\",\"width\":1280,\"height\":720,\"caption\":\"Madeline und Friedrich\"},{\"@type\":\"BreadcrumbList\",\"@id\":\"https:\\\/\\\/hof-hoeherhaus.de\\\/index.php\\\/anfahrt\\\/#breadcrumb\",\"itemListElement\":[{\"@type\":\"ListItem\",\"position\":1,\"name\":\"Startseite\",\"item\":\"https:\\\/\\\/hof-hoeherhaus.de\\\/\"},{\"@type\":\"ListItem\",\"position\":2,\"name\":\"Anfahrt\"}]},{\"@type\":\"WebSite\",\"@id\":\"https:\\\/\\\/hof-hoeherhaus.de\\\/#website\",\"url\":\"https:\\\/\\\/hof-hoeherhaus.de\\\/\",\"name\":\"Hof-H\u00f6herhaus\",\"description\":\"Hof-H\u00f6herhaus - Pferde im sch\u00f6nen Drolshagener und Olper Land.\",\"publisher\":{\"@id\":\"https:\\\/\\\/hof-hoeherhaus.de\\\/#organization\"},\"potentialAction\":[{\"@type\":\"SearchAction\",\"target\":{\"@type\":\"EntryPoint\",\"urlTemplate\":\"https:\\\/\\\/hof-hoeherhaus.de\\\/?s={search_term_string}\"},\"query-input\":{\"@type\":\"PropertyValueSpecification\",\"valueRequired\":true,\"valueName\":\"search_term_string\"}}],\"inLanguage\":\"de\"},{\"@type\":\"Organization\",\"@id\":\"https:\\\/\\\/hof-hoeherhaus.de\\\/#organization\",\"name\":\"Reitgemeinschaft Hof-Hoeherhaus e.V.\",\"url\":\"https:\\\/\\\/hof-hoeherhaus.de\\\/\",\"logo\":{\"@type\":\"ImageObject\",\"inLanguage\":\"de\",\"@id\":\"https:\\\/\\\/hof-hoeherhaus.de\\\/#\\\/schema\\\/logo\\\/image\\\/\",\"url\":\"https:\\\/\\\/i0.wp.com\\\/hof-hoeherhaus.de\\\/wp-content\\\/uploads\\\/2021\\\/11\\\/18.jpg?fit=1024%2C1024&ssl=1\",\"contentUrl\":\"https:\\\/\\\/i0.wp.com\\\/hof-hoeherhaus.de\\\/wp-content\\\/uploads\\\/2021\\\/11\\\/18.jpg?fit=1024%2C1024&ssl=1\",\"width\":1024,\"height\":1024,\"caption\":\"Reitgemeinschaft Hof-Hoeherhaus e.V.\"},\"image\":{\"@id\":\"https:\\\/\\\/hof-hoeherhaus.de\\\/#\\\/schema\\\/logo\\\/image\\\/\"}}]}<\/script>\n<!-- \/ Yoast SEO plugin. -->","yoast_head_json":{"title":"Anfahrt &#8211; Hof-H\u00f6herhaus","description":"Autobahnabfahrt A17 in Richtung Drolshagen\/Bergneustadt abfahren. Nach etwa 200 Metern links auf die K15 in Richtung Drolshagen abbiegen...","robots":{"index":"index","follow":"follow","max-snippet":"max-snippet:-1","max-image-preview":"max-image-preview:large","max-video-preview":"max-video-preview:-1"},"canonical":"https:\/\/hof-hoeherhaus.de\/index.php\/anfahrt\/","og_locale":"de_DE","og_type":"article","og_title":"Anfahrt &#8211; Hof-H\u00f6herhaus","og_description":"Autobahnabfahrt A17 in Richtung Drolshagen\/Bergneustadt abfahren. Nach etwa 200 Metern links auf die K15 in Richtung Drolshagen abbiegen...","og_url":"https:\/\/hof-hoeherhaus.de\/index.php\/anfahrt\/","og_site_name":"Hof-H\u00f6herhaus","article_modified_time":"2021-11-25T20:31:24+00:00","og_image":[{"width":1280,"height":720,"url":"https:\/\/hof-hoeherhaus.de\/wp-content\/uploads\/2021\/11\/Pferdewaage-Hof-Hoeherhaus.jpg","type":"image\/jpeg"}],"twitter_card":"summary_large_image","schema":{"@context":"https:\/\/schema.org","@graph":[{"@type":"WebPage","@id":"https:\/\/hof-hoeherhaus.de\/index.php\/anfahrt\/","url":"https:\/\/hof-hoeherhaus.de\/index.php\/anfahrt\/","name":"Anfahrt &#8211; Hof-H\u00f6herhaus","isPartOf":{"@id":"https:\/\/hof-hoeherhaus.de\/#website"},"primaryImageOfPage":{"@id":"https:\/\/hof-hoeherhaus.de\/index.php\/anfahrt\/#primaryimage"},"image":{"@id":"https:\/\/hof-hoeherhaus.de\/index.php\/anfahrt\/#primaryimage"},"thumbnailUrl":"https:\/\/i0.wp.com\/hof-hoeherhaus.de\/wp-content\/uploads\/2021\/11\/Pferdewaage-Hof-Hoeherhaus.jpg?fit=1280%2C720&ssl=1","datePublished":"2017-02-16T21:39:14+00:00","dateModified":"2021-11-25T20:31:24+00:00","description":"Autobahnabfahrt A17 in Richtung Drolshagen\/Bergneustadt abfahren. Nach etwa 200 Metern links auf die K15 in Richtung Drolshagen abbiegen...","breadcrumb":{"@id":"https:\/\/hof-hoeherhaus.de\/index.php\/anfahrt\/#breadcrumb"},"inLanguage":"de","potentialAction":[{"@type":"ReadAction","target":["https:\/\/hof-hoeherhaus.de\/index.php\/anfahrt\/"]}]},{"@type":"ImageObject","inLanguage":"de","@id":"https:\/\/hof-hoeherhaus.de\/index.php\/anfahrt\/#primaryimage","url":"https:\/\/i0.wp.com\/hof-hoeherhaus.de\/wp-content\/uploads\/2021\/11\/Pferdewaage-Hof-Hoeherhaus.jpg?fit=1280%2C720&ssl=1","contentUrl":"https:\/\/i0.wp.com\/hof-hoeherhaus.de\/wp-content\/uploads\/2021\/11\/Pferdewaage-Hof-Hoeherhaus.jpg?fit=1280%2C720&ssl=1","width":1280,"height":720,"caption":"Madeline und Friedrich"},{"@type":"BreadcrumbList","@id":"https:\/\/hof-hoeherhaus.de\/index.php\/anfahrt\/#breadcrumb","itemListElement":[{"@type":"ListItem","position":1,"name":"Startseite","item":"https:\/\/hof-hoeherhaus.de\/"},{"@type":"ListItem","position":2,"name":"Anfahrt"}]},{"@type":"WebSite","@id":"https:\/\/hof-hoeherhaus.de\/#website","url":"https:\/\/hof-hoeherhaus.de\/","name":"Hof-H\u00f6herhaus","description":"Hof-H\u00f6herhaus - Pferde im sch\u00f6nen Drolshagener und Olper Land.","publisher":{"@id":"https:\/\/hof-hoeherhaus.de\/#organization"},"potentialAction":[{"@type":"SearchAction","target":{"@type":"EntryPoint","urlTemplate":"https:\/\/hof-hoeherhaus.de\/?s={search_term_string}"},"query-input":{"@type":"PropertyValueSpecification","valueRequired":true,"valueName":"search_term_string"}}],"inLanguage":"de"},{"@type":"Organization","@id":"https:\/\/hof-hoeherhaus.de\/#organization","name":"Reitgemeinschaft Hof-Hoeherhaus e.V.","url":"https:\/\/hof-hoeherhaus.de\/","logo":{"@type":"ImageObject","inLanguage":"de","@id":"https:\/\/hof-hoeherhaus.de\/#\/schema\/logo\/image\/","url":"https:\/\/i0.wp.com\/hof-hoeherhaus.de\/wp-content\/uploads\/2021\/11\/18.jpg?fit=1024%2C1024&ssl=1","contentUrl":"https:\/\/i0.wp.com\/hof-hoeherhaus.de\/wp-content\/uploads\/2021\/11\/18.jpg?fit=1024%2C1024&ssl=1","width":1024,"height":1024,"caption":"Reitgemeinschaft Hof-Hoeherhaus e.V."},"image":{"@id":"https:\/\/hof-hoeherhaus.de\/#\/schema\/logo\/image\/"}}]}},"jetpack-related-posts":[{"id":11,"url":"https:\/\/hof-hoeherhaus.de\/index.php\/ueber-uns\/","url_meta":{"origin":913,"position":0},"title":"\u00dcber uns","author":"Christian Feldmann","date":"13. November 2016","format":false,"excerpt":"\u00dcber uns - Die Geschichte des Hofs Der Hof, der in dem kleinen Ort Essinghausen - bei Drolshagen - liegt, besteht jetzt seit vier Generationen im Familienbesitz. Im Jahr 1986 wurde er durch einen Gro\u00dfbrand v\u00f6llig zerst\u00f6rt. Daraufhin entstanden neue, moderne Stallungen, eingebettet in die idyllische Umgebung eines damals 120-Seelen-Dorfes.\u2026","rel":"","context":"\u00c4hnlicher Beitrag","block_context":{"text":"\u00c4hnlicher Beitrag","link":""},"img":{"alt_text":"Hof-H\u00f6herhaus wie es heute aussieht!","src":"https:\/\/i0.wp.com\/hof-hoeherhaus.de\/wp-content\/uploads\/2016\/11\/ganzneueshaus.jpg?fit=1200%2C443&ssl=1&resize=350%2C200","width":350,"height":200,"srcset":"https:\/\/i0.wp.com\/hof-hoeherhaus.de\/wp-content\/uploads\/2016\/11\/ganzneueshaus.jpg?fit=1200%2C443&ssl=1&resize=350%2C200 1x, https:\/\/i0.wp.com\/hof-hoeherhaus.de\/wp-content\/uploads\/2016\/11\/ganzneueshaus.jpg?fit=1200%2C443&ssl=1&resize=525%2C300 1.5x, https:\/\/i0.wp.com\/hof-hoeherhaus.de\/wp-content\/uploads\/2016\/11\/ganzneueshaus.jpg?fit=1200%2C443&ssl=1&resize=700%2C400 2x, https:\/\/i0.wp.com\/hof-hoeherhaus.de\/wp-content\/uploads\/2016\/11\/ganzneueshaus.jpg?fit=1200%2C443&ssl=1&resize=1050%2C600 3x"},"classes":[]},{"id":20,"url":"https:\/\/hof-hoeherhaus.de\/index.php\/essinghausen\/","url_meta":{"origin":913,"position":1},"title":"Essinghausen","author":"Christian Feldmann","date":"14. November 2016","format":false,"excerpt":"Der Hof liegt im kleinen Ort Essinghausen. Ein kleines Dorf nahe Drolshagen \/ Olpe ganz am Rande des Sauerlands und inmitten von Wald und Wiesen. Die N\u00e4he zur Lister- und Biggetalsperre\u00a0macht die Umgebung zu einem ausgezeichneten Urlaubs- und Freizeitort. Essinghausen ist mehrfach als einer der sch\u00f6nsten Orte im Kreis Olpe\u2026","rel":"","context":"\u00c4hnlicher Beitrag","block_context":{"text":"\u00c4hnlicher Beitrag","link":""},"img":{"alt_text":"","src":"https:\/\/i0.wp.com\/hof-hoeherhaus.de\/wp-content\/uploads\/2017\/05\/hof-hoeherhaus-anweiden-6-von-19.jpg?fit=1200%2C800&ssl=1&resize=350%2C200","width":350,"height":200,"srcset":"https:\/\/i0.wp.com\/hof-hoeherhaus.de\/wp-content\/uploads\/2017\/05\/hof-hoeherhaus-anweiden-6-von-19.jpg?fit=1200%2C800&ssl=1&resize=350%2C200 1x, https:\/\/i0.wp.com\/hof-hoeherhaus.de\/wp-content\/uploads\/2017\/05\/hof-hoeherhaus-anweiden-6-von-19.jpg?fit=1200%2C800&ssl=1&resize=525%2C300 1.5x, https:\/\/i0.wp.com\/hof-hoeherhaus.de\/wp-content\/uploads\/2017\/05\/hof-hoeherhaus-anweiden-6-von-19.jpg?fit=1200%2C800&ssl=1&resize=700%2C400 2x, https:\/\/i0.wp.com\/hof-hoeherhaus.de\/wp-content\/uploads\/2017\/05\/hof-hoeherhaus-anweiden-6-von-19.jpg?fit=1200%2C800&ssl=1&resize=1050%2C600 3x"},"classes":[]},{"id":2,"url":"https:\/\/hof-hoeherhaus.de\/index.php\/hof-hoeherhaus-pferde-im-drolshagener-olper-land\/","url_meta":{"origin":913,"position":2},"title":"Hof-H\u00f6herhaus &#8211; Pferde im Drolshagener\/Olper Land.","author":"Christian Feldmann","date":"13. November 2016","format":false,"excerpt":"","rel":"","context":"\u00c4hnlicher Beitrag","block_context":{"text":"\u00c4hnlicher Beitrag","link":""},"img":{"alt_text":"Madeline und Friedrich","src":"https:\/\/i0.wp.com\/hof-hoeherhaus.de\/wp-content\/uploads\/2021\/11\/Pferdewaage-Hof-Hoeherhaus.jpg?fit=1200%2C675&ssl=1&resize=350%2C200","width":350,"height":200,"srcset":"https:\/\/i0.wp.com\/hof-hoeherhaus.de\/wp-content\/uploads\/2021\/11\/Pferdewaage-Hof-Hoeherhaus.jpg?fit=1200%2C675&ssl=1&resize=350%2C200 1x, https:\/\/i0.wp.com\/hof-hoeherhaus.de\/wp-content\/uploads\/2021\/11\/Pferdewaage-Hof-Hoeherhaus.jpg?fit=1200%2C675&ssl=1&resize=525%2C300 1.5x, https:\/\/i0.wp.com\/hof-hoeherhaus.de\/wp-content\/uploads\/2021\/11\/Pferdewaage-Hof-Hoeherhaus.jpg?fit=1200%2C675&ssl=1&resize=700%2C400 2x, https:\/\/i0.wp.com\/hof-hoeherhaus.de\/wp-content\/uploads\/2021\/11\/Pferdewaage-Hof-Hoeherhaus.jpg?fit=1200%2C675&ssl=1&resize=1050%2C600 3x"},"classes":[]},{"id":1480,"url":"https:\/\/hof-hoeherhaus.de\/index.php\/impressum\/","url_meta":{"origin":913,"position":3},"title":"Impressum","author":"Christian Feldmann","date":"7. M\u00e4rz 2017","format":false,"excerpt":"Angaben gem\u00e4\u00df \u00a7 5 TMG: Karl-Heinz Feldmann Reiterhof H\u00f6herhaus 7 574879 Drolshagen-Essinghausen Kontakt: Telefon: 0049 2761 3288 E-Mail: Quelle: https:\/\/www.e-recht24.de \u00a0 Haftungsausschluss (Disclaimer) Haftung f\u00fcr Inhalte Als Diensteanbieter sind wir gem\u00e4\u00df \u00a7 7 Abs.1 TMG f\u00fcr eigene Inhalte auf diesen Seiten nach den allgemeinen Gesetzen verantwortlich. Nach \u00a7\u00a7 8 bis\u2026","rel":"","context":"\u00c4hnlicher Beitrag","block_context":{"text":"\u00c4hnlicher Beitrag","link":""},"img":{"alt_text":"hh 1 von 1","src":"https:\/\/i0.wp.com\/hof-hoeherhaus.de\/wp-content\/uploads\/2011\/08\/hh_1_von_1.jpg?fit=1200%2C443&ssl=1&resize=350%2C200","width":350,"height":200,"srcset":"https:\/\/i0.wp.com\/hof-hoeherhaus.de\/wp-content\/uploads\/2011\/08\/hh_1_von_1.jpg?fit=1200%2C443&ssl=1&resize=350%2C200 1x, https:\/\/i0.wp.com\/hof-hoeherhaus.de\/wp-content\/uploads\/2011\/08\/hh_1_von_1.jpg?fit=1200%2C443&ssl=1&resize=525%2C300 1.5x, https:\/\/i0.wp.com\/hof-hoeherhaus.de\/wp-content\/uploads\/2011\/08\/hh_1_von_1.jpg?fit=1200%2C443&ssl=1&resize=700%2C400 2x, https:\/\/i0.wp.com\/hof-hoeherhaus.de\/wp-content\/uploads\/2011\/08\/hh_1_von_1.jpg?fit=1200%2C443&ssl=1&resize=1050%2C600 3x"},"classes":[]},{"id":79,"url":"https:\/\/hof-hoeherhaus.de\/index.php\/bilder\/","url_meta":{"origin":913,"position":4},"title":"Bilder","author":"Christian Feldmann","date":"15. Dezember 2016","format":false,"excerpt":"Wie sch\u00f6n unser Ort, die Landschaft, der Hof und das Hobby ist, vergisst man schnell mal. Vor vielen Jahren habe ich mir die Fotografie zum Hobby gemacht, weil mir eben diese Vergesslichkeit bewusst wurde. Wenn sich die Verg\u00e4nglichkeit zur Vergesslichkeit gesellt, werden Erinnerungen noch wichtiger! Ich archiviere seit Jahren fast\u2026","rel":"","context":"\u00c4hnlicher Beitrag","block_context":{"text":"\u00c4hnlicher Beitrag","link":""},"img":{"alt_text":"","src":"https:\/\/i0.wp.com\/hof-hoeherhaus.de\/wp-content\/uploads\/2013\/07\/Pferdefotos-20-von-22.jpg?fit=1200%2C795&ssl=1&resize=350%2C200","width":350,"height":200,"srcset":"https:\/\/i0.wp.com\/hof-hoeherhaus.de\/wp-content\/uploads\/2013\/07\/Pferdefotos-20-von-22.jpg?fit=1200%2C795&ssl=1&resize=350%2C200 1x, https:\/\/i0.wp.com\/hof-hoeherhaus.de\/wp-content\/uploads\/2013\/07\/Pferdefotos-20-von-22.jpg?fit=1200%2C795&ssl=1&resize=525%2C300 1.5x, https:\/\/i0.wp.com\/hof-hoeherhaus.de\/wp-content\/uploads\/2013\/07\/Pferdefotos-20-von-22.jpg?fit=1200%2C795&ssl=1&resize=700%2C400 2x, https:\/\/i0.wp.com\/hof-hoeherhaus.de\/wp-content\/uploads\/2013\/07\/Pferdefotos-20-von-22.jpg?fit=1200%2C795&ssl=1&resize=1050%2C600 3x"},"classes":[]},{"id":932,"url":"https:\/\/hof-hoeherhaus.de\/index.php\/downloads\/","url_meta":{"origin":913,"position":5},"title":"Downloads","author":"Christian Feldmann","date":"16. Februar 2017","format":false,"excerpt":"Wir versuchen selbstverst\u00e4ndlich immer Papier zu vermeiden, dennoch ist dies nicht immer m\u00f6glich. Aus diesem Grund bieten wir Ihnen hier einige wichtige Dinge zum Download an. Vereinsmitgliedschaft: Vereinssatzung Dem Verein beitreten (Kombimandat) Allgemein: Anfahrt","rel":"","context":"\u00c4hnlicher Beitrag","block_context":{"text":"\u00c4hnlicher Beitrag","link":""},"img":{"alt_text":"","src":"https:\/\/i0.wp.com\/hof-hoeherhaus.de\/wp-content\/uploads\/2017\/05\/hof-hoeherhaus-anweiden-8-von-19.jpg?fit=1200%2C675&ssl=1&resize=350%2C200","width":350,"height":200,"srcset":"https:\/\/i0.wp.com\/hof-hoeherhaus.de\/wp-content\/uploads\/2017\/05\/hof-hoeherhaus-anweiden-8-von-19.jpg?fit=1200%2C675&ssl=1&resize=350%2C200 1x, https:\/\/i0.wp.com\/hof-hoeherhaus.de\/wp-content\/uploads\/2017\/05\/hof-hoeherhaus-anweiden-8-von-19.jpg?fit=1200%2C675&ssl=1&resize=525%2C300 1.5x, https:\/\/i0.wp.com\/hof-hoeherhaus.de\/wp-content\/uploads\/2017\/05\/hof-hoeherhaus-anweiden-8-von-19.jpg?fit=1200%2C675&ssl=1&resize=700%2C400 2x, https:\/\/i0.wp.com\/hof-hoeherhaus.de\/wp-content\/uploads\/2017\/05\/hof-hoeherhaus-anweiden-8-von-19.jpg?fit=1200%2C675&ssl=1&resize=1050%2C600 3x"},"classes":[]}],"jetpack_sharing_enabled":true,"_links":{"self":[{"href":"https:\/\/hof-hoeherhaus.de\/index.php\/wp-json\/wp\/v2\/pages\/913","targetHints":{"allow":["GET"]}}],"collection":[{"href":"https:\/\/hof-hoeherhaus.de\/index.php\/wp-json\/wp\/v2\/pages"}],"about":[{"href":"https:\/\/hof-hoeherhaus.de\/index.php\/wp-json\/wp\/v2\/types\/page"}],"author":[{"embeddable":true,"href":"https:\/\/hof-hoeherhaus.de\/index.php\/wp-json\/wp\/v2\/users\/2"}],"replies":[{"embeddable":true,"href":"https:\/\/hof-hoeherhaus.de\/index.php\/wp-json\/wp\/v2\/comments?post=913"}],"version-history":[{"count":16,"href":"https:\/\/hof-hoeherhaus.de\/index.php\/wp-json\/wp\/v2\/pages\/913\/revisions"}],"predecessor-version":[{"id":3896,"href":"https:\/\/hof-hoeherhaus.de\/index.php\/wp-json\/wp\/v2\/pages\/913\/revisions\/3896"}],"wp:featuredmedia":[{"embeddable":true,"href":"https:\/\/hof-hoeherhaus.de\/index.php\/wp-json\/wp\/v2\/media\/3721"}],"wp:attachment":[{"href":"https:\/\/hof-hoeherhaus.de\/index.php\/wp-json\/wp\/v2\/media?parent=913"}],"curies":[{"name":"wp","href":"https:\/\/api.w.org\/{rel}","templated":true}]}}