{"id":932,"date":"2017-02-16T22:37:12","date_gmt":"2017-02-16T22:37:12","guid":{"rendered":"http:\/\/wp.rg-hh.de\/?page_id=932"},"modified":"2022-06-18T00:13:33","modified_gmt":"2022-06-17T22:13:33","slug":"downloads","status":"publish","type":"page","link":"https:\/\/hof-hoeherhaus.de\/index.php\/downloads\/","title":{"rendered":"Downloads"},"content":{"rendered":"\n<p>Wir versuchen selbstverst\u00e4ndlich immer Papier zu vermeiden, dennoch ist dies nicht immer m\u00f6glich. Aus diesem Grund bieten wir Ihnen hier einige wichtige Dinge zum Download an.<\/p>\n\n\n\n<p><strong>Vereinsmitgliedschaft:<\/strong><\/p>\n\n\n\n<p><a href=\"https:\/\/hof-hoeherhaus.de\/wp-content\/uploads\/2017\/02\/Satzung.pdf\" target=\"_blank\" rel=\"noopener noreferrer\"><img data-recalc-dims=\"1\" loading=\"lazy\" decoding=\"async\" data-attachment-id=\"2896\" data-permalink=\"https:\/\/hof-hoeherhaus.de\/index.php\/downloads\/filetype_pdf\/\" data-orig-file=\"https:\/\/i0.wp.com\/hof-hoeherhaus.de\/wp-content\/uploads\/2017\/12\/filetype_pdf.jpg?fit=128%2C128&amp;ssl=1\" data-orig-size=\"128,128\" data-comments-opened=\"0\" data-image-meta=\"{&quot;aperture&quot;:&quot;0&quot;,&quot;credit&quot;:&quot;&quot;,&quot;camera&quot;:&quot;&quot;,&quot;caption&quot;:&quot;&quot;,&quot;created_timestamp&quot;:&quot;0&quot;,&quot;copyright&quot;:&quot;&quot;,&quot;focal_length&quot;:&quot;0&quot;,&quot;iso&quot;:&quot;0&quot;,&quot;shutter_speed&quot;:&quot;0&quot;,&quot;title&quot;:&quot;&quot;,&quot;orientation&quot;:&quot;0&quot;}\" data-image-title=\"filetype_pdf\" data-image-description=\"\" data-image-caption=\"\" data-medium-file=\"https:\/\/i0.wp.com\/hof-hoeherhaus.de\/wp-content\/uploads\/2017\/12\/filetype_pdf.jpg?fit=128%2C128&amp;ssl=1\" data-large-file=\"https:\/\/i0.wp.com\/hof-hoeherhaus.de\/wp-content\/uploads\/2017\/12\/filetype_pdf.jpg?fit=128%2C128&amp;ssl=1\" title=\"Die Vereins-Satzung\" width=\"64\" height=\"64\" class=\"alignnone wp-image-2896\" src=\"https:\/\/i0.wp.com\/hof-hoeherhaus.de\/wp-content\/uploads\/2017\/12\/filetype_pdf.jpg?resize=64%2C64&#038;ssl=1\" alt=\"\">Vereinssatzung<\/a><\/p>\n\n\n\n<p><a href=\"https:\/\/hof-hoeherhaus.de\/wp-content\/uploads\/2019\/02\/Kombimandat_RG_HH.pdf\" target=\"_blank\" rel=\"noopener noreferrer\"><img data-recalc-dims=\"1\" loading=\"lazy\" decoding=\"async\" data-attachment-id=\"2896\" data-permalink=\"https:\/\/hof-hoeherhaus.de\/index.php\/downloads\/filetype_pdf\/\" data-orig-file=\"https:\/\/i0.wp.com\/hof-hoeherhaus.de\/wp-content\/uploads\/2017\/12\/filetype_pdf.jpg?fit=128%2C128&amp;ssl=1\" data-orig-size=\"128,128\" data-comments-opened=\"0\" data-image-meta=\"{&quot;aperture&quot;:&quot;0&quot;,&quot;credit&quot;:&quot;&quot;,&quot;camera&quot;:&quot;&quot;,&quot;caption&quot;:&quot;&quot;,&quot;created_timestamp&quot;:&quot;0&quot;,&quot;copyright&quot;:&quot;&quot;,&quot;focal_length&quot;:&quot;0&quot;,&quot;iso&quot;:&quot;0&quot;,&quot;shutter_speed&quot;:&quot;0&quot;,&quot;title&quot;:&quot;&quot;,&quot;orientation&quot;:&quot;0&quot;}\" data-image-title=\"filetype_pdf\" data-image-description=\"\" data-image-caption=\"\" data-medium-file=\"https:\/\/i0.wp.com\/hof-hoeherhaus.de\/wp-content\/uploads\/2017\/12\/filetype_pdf.jpg?fit=128%2C128&amp;ssl=1\" data-large-file=\"https:\/\/i0.wp.com\/hof-hoeherhaus.de\/wp-content\/uploads\/2017\/12\/filetype_pdf.jpg?fit=128%2C128&amp;ssl=1\" title=\"Das Kombi-Mandat zum herunterladen\" width=\"64\" height=\"64\" class=\"alignnone wp-image-2896\" src=\"https:\/\/i0.wp.com\/hof-hoeherhaus.de\/wp-content\/uploads\/2017\/12\/filetype_pdf.jpg?resize=64%2C64&#038;ssl=1\" alt=\"\">Dem Verein beitreten (Kombimandat<\/a>)<\/p>\n\n\n\n<p><strong>Allgemein:<\/strong><\/p>\n\n\n\n<p><a href=\"https:\/\/hof-hoeherhaus.de\/wp-content\/uploads\/2017\/02\/Anfahrt.pdf\" target=\"_blank\" rel=\"noopener noreferrer\"><img data-recalc-dims=\"1\" loading=\"lazy\" decoding=\"async\" data-attachment-id=\"2896\" data-permalink=\"https:\/\/hof-hoeherhaus.de\/index.php\/downloads\/filetype_pdf\/\" data-orig-file=\"https:\/\/i0.wp.com\/hof-hoeherhaus.de\/wp-content\/uploads\/2017\/12\/filetype_pdf.jpg?fit=128%2C128&amp;ssl=1\" data-orig-size=\"128,128\" data-comments-opened=\"0\" data-image-meta=\"{&quot;aperture&quot;:&quot;0&quot;,&quot;credit&quot;:&quot;&quot;,&quot;camera&quot;:&quot;&quot;,&quot;caption&quot;:&quot;&quot;,&quot;created_timestamp&quot;:&quot;0&quot;,&quot;copyright&quot;:&quot;&quot;,&quot;focal_length&quot;:&quot;0&quot;,&quot;iso&quot;:&quot;0&quot;,&quot;shutter_speed&quot;:&quot;0&quot;,&quot;title&quot;:&quot;&quot;,&quot;orientation&quot;:&quot;0&quot;}\" data-image-title=\"filetype_pdf\" data-image-description=\"\" data-image-caption=\"\" data-medium-file=\"https:\/\/i0.wp.com\/hof-hoeherhaus.de\/wp-content\/uploads\/2017\/12\/filetype_pdf.jpg?fit=128%2C128&amp;ssl=1\" data-large-file=\"https:\/\/i0.wp.com\/hof-hoeherhaus.de\/wp-content\/uploads\/2017\/12\/filetype_pdf.jpg?fit=128%2C128&amp;ssl=1\" class=\"alignnone wp-image-2896\" title=\"Eine Anfahrtsbeschreibung zur Reitgemeinschaft Hof-H\u00f6herhaus\" src=\"https:\/\/i0.wp.com\/hof-hoeherhaus.de\/wp-content\/uploads\/2017\/12\/filetype_pdf.jpg?resize=64%2C64&#038;ssl=1\" alt=\"\" width=\"64\" height=\"64\"><\/a><a href=\"https:\/\/hof-hoeherhaus.de\/wp-content\/uploads\/2017\/02\/Anfahrt.pdf\" target=\"_blank\" rel=\"noopener noreferrer\">Anfahrt<\/a><\/p>\n","protected":false},"excerpt":{"rendered":"<p>Wir versuchen selbstverst\u00e4ndlich immer Papier zu vermeiden, dennoch ist dies nicht immer m\u00f6glich. Aus diesem Grund bieten wir Ihnen hier einige wichtige Dinge zum Download an. Vereinsmitgliedschaft: Vereinssatzung Dem Verein beitreten (Kombimandat) Allgemein: Anfahrt<\/p>\n","protected":false},"author":2,"featured_media":2528,"parent":0,"menu_order":0,"comment_status":"closed","ping_status":"closed","template":"","meta":{"footnotes":""},"class_list":{"0":"post-932","1":"page","2":"type-page","3":"status-publish","4":"has-post-thumbnail","5":"hentry","6":"","7":"blog-alt-layout","8":"blog-style-postblock","10":"blog-alt-odd"},"yoast_head":"<!-- This site is optimized with the Yoast SEO plugin v27.3 - https:\/\/yoast.com\/product\/yoast-seo-wordpress\/ -->\n<title>Downloads &#8211; Hof-H\u00f6herhaus<\/title>\n<meta name=\"description\" content=\"Sollten Sie Informationen ben\u00f6tigen, finden Sie hier die ein oder andere Information \u00fcber Hof und Verein via Download.\" \/>\n<meta name=\"robots\" content=\"index, follow, max-snippet:-1, max-image-preview:large, max-video-preview:-1\" \/>\n<link rel=\"canonical\" href=\"https:\/\/hof-hoeherhaus.de\/index.php\/downloads\/\" \/>\n<meta property=\"og:locale\" content=\"de_DE\" \/>\n<meta property=\"og:type\" content=\"article\" \/>\n<meta property=\"og:title\" content=\"Downloads &#8211; Hof-H\u00f6herhaus\" \/>\n<meta property=\"og:description\" content=\"Sollten Sie Informationen ben\u00f6tigen, finden Sie hier die ein oder andere Information \u00fcber Hof und Verein via Download.\" \/>\n<meta property=\"og:url\" content=\"https:\/\/hof-hoeherhaus.de\/index.php\/downloads\/\" \/>\n<meta property=\"og:site_name\" content=\"Hof-H\u00f6herhaus\" \/>\n<meta property=\"article:modified_time\" content=\"2022-06-17T22:13:33+00:00\" \/>\n<meta property=\"og:image\" content=\"https:\/\/hof-hoeherhaus.de\/wp-content\/uploads\/2017\/05\/hof-hoeherhaus-anweiden-8-von-19.jpg\" \/>\n\t<meta property=\"og:image:width\" content=\"1920\" \/>\n\t<meta property=\"og:image:height\" content=\"1080\" \/>\n\t<meta property=\"og:image:type\" content=\"image\/jpeg\" \/>\n<meta name=\"twitter:card\" content=\"summary_large_image\" \/>\n<script type=\"application\/ld+json\" class=\"yoast-schema-graph\">{\"@context\":\"https:\\\/\\\/schema.org\",\"@graph\":[{\"@type\":\"WebPage\",\"@id\":\"https:\\\/\\\/hof-hoeherhaus.de\\\/index.php\\\/downloads\\\/\",\"url\":\"https:\\\/\\\/hof-hoeherhaus.de\\\/index.php\\\/downloads\\\/\",\"name\":\"Downloads &#8211; Hof-H\u00f6herhaus\",\"isPartOf\":{\"@id\":\"https:\\\/\\\/hof-hoeherhaus.de\\\/#website\"},\"primaryImageOfPage\":{\"@id\":\"https:\\\/\\\/hof-hoeherhaus.de\\\/index.php\\\/downloads\\\/#primaryimage\"},\"image\":{\"@id\":\"https:\\\/\\\/hof-hoeherhaus.de\\\/index.php\\\/downloads\\\/#primaryimage\"},\"thumbnailUrl\":\"https:\\\/\\\/i0.wp.com\\\/hof-hoeherhaus.de\\\/wp-content\\\/uploads\\\/2017\\\/05\\\/hof-hoeherhaus-anweiden-8-von-19.jpg?fit=1920%2C1080&ssl=1\",\"datePublished\":\"2017-02-16T22:37:12+00:00\",\"dateModified\":\"2022-06-17T22:13:33+00:00\",\"description\":\"Sollten Sie Informationen ben\u00f6tigen, finden Sie hier die ein oder andere Information \u00fcber Hof und Verein via Download.\",\"breadcrumb\":{\"@id\":\"https:\\\/\\\/hof-hoeherhaus.de\\\/index.php\\\/downloads\\\/#breadcrumb\"},\"inLanguage\":\"de\",\"potentialAction\":[{\"@type\":\"ReadAction\",\"target\":[\"https:\\\/\\\/hof-hoeherhaus.de\\\/index.php\\\/downloads\\\/\"]}]},{\"@type\":\"ImageObject\",\"inLanguage\":\"de\",\"@id\":\"https:\\\/\\\/hof-hoeherhaus.de\\\/index.php\\\/downloads\\\/#primaryimage\",\"url\":\"https:\\\/\\\/i0.wp.com\\\/hof-hoeherhaus.de\\\/wp-content\\\/uploads\\\/2017\\\/05\\\/hof-hoeherhaus-anweiden-8-von-19.jpg?fit=1920%2C1080&ssl=1\",\"contentUrl\":\"https:\\\/\\\/i0.wp.com\\\/hof-hoeherhaus.de\\\/wp-content\\\/uploads\\\/2017\\\/05\\\/hof-hoeherhaus-anweiden-8-von-19.jpg?fit=1920%2C1080&ssl=1\",\"width\":1920,\"height\":1080},{\"@type\":\"BreadcrumbList\",\"@id\":\"https:\\\/\\\/hof-hoeherhaus.de\\\/index.php\\\/downloads\\\/#breadcrumb\",\"itemListElement\":[{\"@type\":\"ListItem\",\"position\":1,\"name\":\"Startseite\",\"item\":\"https:\\\/\\\/hof-hoeherhaus.de\\\/\"},{\"@type\":\"ListItem\",\"position\":2,\"name\":\"Downloads\"}]},{\"@type\":\"WebSite\",\"@id\":\"https:\\\/\\\/hof-hoeherhaus.de\\\/#website\",\"url\":\"https:\\\/\\\/hof-hoeherhaus.de\\\/\",\"name\":\"Hof-H\u00f6herhaus\",\"description\":\"Hof-H\u00f6herhaus - Pferde im sch\u00f6nen Drolshagener und Olper Land.\",\"publisher\":{\"@id\":\"https:\\\/\\\/hof-hoeherhaus.de\\\/#organization\"},\"potentialAction\":[{\"@type\":\"SearchAction\",\"target\":{\"@type\":\"EntryPoint\",\"urlTemplate\":\"https:\\\/\\\/hof-hoeherhaus.de\\\/?s={search_term_string}\"},\"query-input\":{\"@type\":\"PropertyValueSpecification\",\"valueRequired\":true,\"valueName\":\"search_term_string\"}}],\"inLanguage\":\"de\"},{\"@type\":\"Organization\",\"@id\":\"https:\\\/\\\/hof-hoeherhaus.de\\\/#organization\",\"name\":\"Reitgemeinschaft Hof-Hoeherhaus e.V.\",\"url\":\"https:\\\/\\\/hof-hoeherhaus.de\\\/\",\"logo\":{\"@type\":\"ImageObject\",\"inLanguage\":\"de\",\"@id\":\"https:\\\/\\\/hof-hoeherhaus.de\\\/#\\\/schema\\\/logo\\\/image\\\/\",\"url\":\"https:\\\/\\\/i0.wp.com\\\/hof-hoeherhaus.de\\\/wp-content\\\/uploads\\\/2021\\\/11\\\/18.jpg?fit=1024%2C1024&ssl=1\",\"contentUrl\":\"https:\\\/\\\/i0.wp.com\\\/hof-hoeherhaus.de\\\/wp-content\\\/uploads\\\/2021\\\/11\\\/18.jpg?fit=1024%2C1024&ssl=1\",\"width\":1024,\"height\":1024,\"caption\":\"Reitgemeinschaft Hof-Hoeherhaus e.V.\"},\"image\":{\"@id\":\"https:\\\/\\\/hof-hoeherhaus.de\\\/#\\\/schema\\\/logo\\\/image\\\/\"}}]}<\/script>\n<!-- \/ Yoast SEO plugin. -->","yoast_head_json":{"title":"Downloads &#8211; Hof-H\u00f6herhaus","description":"Sollten Sie Informationen ben\u00f6tigen, finden Sie hier die ein oder andere Information \u00fcber Hof und Verein via Download.","robots":{"index":"index","follow":"follow","max-snippet":"max-snippet:-1","max-image-preview":"max-image-preview:large","max-video-preview":"max-video-preview:-1"},"canonical":"https:\/\/hof-hoeherhaus.de\/index.php\/downloads\/","og_locale":"de_DE","og_type":"article","og_title":"Downloads &#8211; Hof-H\u00f6herhaus","og_description":"Sollten Sie Informationen ben\u00f6tigen, finden Sie hier die ein oder andere Information \u00fcber Hof und Verein via Download.","og_url":"https:\/\/hof-hoeherhaus.de\/index.php\/downloads\/","og_site_name":"Hof-H\u00f6herhaus","article_modified_time":"2022-06-17T22:13:33+00:00","og_image":[{"width":1920,"height":1080,"url":"https:\/\/hof-hoeherhaus.de\/wp-content\/uploads\/2017\/05\/hof-hoeherhaus-anweiden-8-von-19.jpg","type":"image\/jpeg"}],"twitter_card":"summary_large_image","schema":{"@context":"https:\/\/schema.org","@graph":[{"@type":"WebPage","@id":"https:\/\/hof-hoeherhaus.de\/index.php\/downloads\/","url":"https:\/\/hof-hoeherhaus.de\/index.php\/downloads\/","name":"Downloads &#8211; Hof-H\u00f6herhaus","isPartOf":{"@id":"https:\/\/hof-hoeherhaus.de\/#website"},"primaryImageOfPage":{"@id":"https:\/\/hof-hoeherhaus.de\/index.php\/downloads\/#primaryimage"},"image":{"@id":"https:\/\/hof-hoeherhaus.de\/index.php\/downloads\/#primaryimage"},"thumbnailUrl":"https:\/\/i0.wp.com\/hof-hoeherhaus.de\/wp-content\/uploads\/2017\/05\/hof-hoeherhaus-anweiden-8-von-19.jpg?fit=1920%2C1080&ssl=1","datePublished":"2017-02-16T22:37:12+00:00","dateModified":"2022-06-17T22:13:33+00:00","description":"Sollten Sie Informationen ben\u00f6tigen, finden Sie hier die ein oder andere Information \u00fcber Hof und Verein via Download.","breadcrumb":{"@id":"https:\/\/hof-hoeherhaus.de\/index.php\/downloads\/#breadcrumb"},"inLanguage":"de","potentialAction":[{"@type":"ReadAction","target":["https:\/\/hof-hoeherhaus.de\/index.php\/downloads\/"]}]},{"@type":"ImageObject","inLanguage":"de","@id":"https:\/\/hof-hoeherhaus.de\/index.php\/downloads\/#primaryimage","url":"https:\/\/i0.wp.com\/hof-hoeherhaus.de\/wp-content\/uploads\/2017\/05\/hof-hoeherhaus-anweiden-8-von-19.jpg?fit=1920%2C1080&ssl=1","contentUrl":"https:\/\/i0.wp.com\/hof-hoeherhaus.de\/wp-content\/uploads\/2017\/05\/hof-hoeherhaus-anweiden-8-von-19.jpg?fit=1920%2C1080&ssl=1","width":1920,"height":1080},{"@type":"BreadcrumbList","@id":"https:\/\/hof-hoeherhaus.de\/index.php\/downloads\/#breadcrumb","itemListElement":[{"@type":"ListItem","position":1,"name":"Startseite","item":"https:\/\/hof-hoeherhaus.de\/"},{"@type":"ListItem","position":2,"name":"Downloads"}]},{"@type":"WebSite","@id":"https:\/\/hof-hoeherhaus.de\/#website","url":"https:\/\/hof-hoeherhaus.de\/","name":"Hof-H\u00f6herhaus","description":"Hof-H\u00f6herhaus - Pferde im sch\u00f6nen Drolshagener und Olper Land.","publisher":{"@id":"https:\/\/hof-hoeherhaus.de\/#organization"},"potentialAction":[{"@type":"SearchAction","target":{"@type":"EntryPoint","urlTemplate":"https:\/\/hof-hoeherhaus.de\/?s={search_term_string}"},"query-input":{"@type":"PropertyValueSpecification","valueRequired":true,"valueName":"search_term_string"}}],"inLanguage":"de"},{"@type":"Organization","@id":"https:\/\/hof-hoeherhaus.de\/#organization","name":"Reitgemeinschaft Hof-Hoeherhaus e.V.","url":"https:\/\/hof-hoeherhaus.de\/","logo":{"@type":"ImageObject","inLanguage":"de","@id":"https:\/\/hof-hoeherhaus.de\/#\/schema\/logo\/image\/","url":"https:\/\/i0.wp.com\/hof-hoeherhaus.de\/wp-content\/uploads\/2021\/11\/18.jpg?fit=1024%2C1024&ssl=1","contentUrl":"https:\/\/i0.wp.com\/hof-hoeherhaus.de\/wp-content\/uploads\/2021\/11\/18.jpg?fit=1024%2C1024&ssl=1","width":1024,"height":1024,"caption":"Reitgemeinschaft Hof-Hoeherhaus e.V."},"image":{"@id":"https:\/\/hof-hoeherhaus.de\/#\/schema\/logo\/image\/"}}]}},"jetpack-related-posts":[{"id":1480,"url":"https:\/\/hof-hoeherhaus.de\/index.php\/impressum\/","url_meta":{"origin":932,"position":0},"title":"Impressum","author":"Christian Feldmann","date":"7. M\u00e4rz 2017","format":false,"excerpt":"Angaben gem\u00e4\u00df \u00a7 5 TMG: Karl-Heinz Feldmann Reiterhof H\u00f6herhaus 7 574879 Drolshagen-Essinghausen Kontakt: Telefon: 0049 2761 3288 E-Mail: Quelle: https:\/\/www.e-recht24.de \u00a0 Haftungsausschluss (Disclaimer) Haftung f\u00fcr Inhalte Als Diensteanbieter sind wir gem\u00e4\u00df \u00a7 7 Abs.1 TMG f\u00fcr eigene Inhalte auf diesen Seiten nach den allgemeinen Gesetzen verantwortlich. Nach \u00a7\u00a7 8 bis\u2026","rel":"","context":"\u00c4hnlicher Beitrag","block_context":{"text":"\u00c4hnlicher Beitrag","link":""},"img":{"alt_text":"hh 1 von 1","src":"https:\/\/i0.wp.com\/hof-hoeherhaus.de\/wp-content\/uploads\/2011\/08\/hh_1_von_1.jpg?fit=1200%2C443&ssl=1&resize=350%2C200","width":350,"height":200,"srcset":"https:\/\/i0.wp.com\/hof-hoeherhaus.de\/wp-content\/uploads\/2011\/08\/hh_1_von_1.jpg?fit=1200%2C443&ssl=1&resize=350%2C200 1x, https:\/\/i0.wp.com\/hof-hoeherhaus.de\/wp-content\/uploads\/2011\/08\/hh_1_von_1.jpg?fit=1200%2C443&ssl=1&resize=525%2C300 1.5x, https:\/\/i0.wp.com\/hof-hoeherhaus.de\/wp-content\/uploads\/2011\/08\/hh_1_von_1.jpg?fit=1200%2C443&ssl=1&resize=700%2C400 2x, https:\/\/i0.wp.com\/hof-hoeherhaus.de\/wp-content\/uploads\/2011\/08\/hh_1_von_1.jpg?fit=1200%2C443&ssl=1&resize=1050%2C600 3x"},"classes":[]},{"id":18,"url":"https:\/\/hof-hoeherhaus.de\/index.php\/die-stallungen\/","url_meta":{"origin":932,"position":1},"title":"Die Stallungen","author":"Christian Feldmann","date":"14. November 2016","format":false,"excerpt":"Derzeit verf\u00fcgen wir \u00fcber 15 helle Gaststallungen mit der M\u00f6glichkeit ein Fenster sowohl zur Stallgasse als auch nach au\u00dfen \u00f6ffnen zu k\u00f6nnen. So ist es den Tieren m\u00f6glich, mit ihren Nachbarn Kontakte kn\u00fcpfen und am Stallgeschehen teilnehmen zu k\u00f6nnen. Pferde sollten sich nicht langweilen und daf\u00fcr ist gesorgt.\u00a0 Der mehr\u2026","rel":"","context":"\u00c4hnlicher Beitrag","block_context":{"text":"\u00c4hnlicher Beitrag","link":""},"img":{"alt_text":"","src":"https:\/\/i0.wp.com\/hof-hoeherhaus.de\/wp-content\/uploads\/2016\/11\/Bild-003.jpg?fit=1200%2C800&ssl=1&resize=350%2C200","width":350,"height":200,"srcset":"https:\/\/i0.wp.com\/hof-hoeherhaus.de\/wp-content\/uploads\/2016\/11\/Bild-003.jpg?fit=1200%2C800&ssl=1&resize=350%2C200 1x, https:\/\/i0.wp.com\/hof-hoeherhaus.de\/wp-content\/uploads\/2016\/11\/Bild-003.jpg?fit=1200%2C800&ssl=1&resize=525%2C300 1.5x, https:\/\/i0.wp.com\/hof-hoeherhaus.de\/wp-content\/uploads\/2016\/11\/Bild-003.jpg?fit=1200%2C800&ssl=1&resize=700%2C400 2x, https:\/\/i0.wp.com\/hof-hoeherhaus.de\/wp-content\/uploads\/2016\/11\/Bild-003.jpg?fit=1200%2C800&ssl=1&resize=1050%2C600 3x"},"classes":[]},{"id":11,"url":"https:\/\/hof-hoeherhaus.de\/index.php\/ueber-uns\/","url_meta":{"origin":932,"position":2},"title":"\u00dcber uns","author":"Christian Feldmann","date":"13. November 2016","format":false,"excerpt":"\u00dcber uns - Die Geschichte des Hofs Der Hof, der in dem kleinen Ort Essinghausen - bei Drolshagen - liegt, besteht jetzt seit vier Generationen im Familienbesitz. Im Jahr 1986 wurde er durch einen Gro\u00dfbrand v\u00f6llig zerst\u00f6rt. Daraufhin entstanden neue, moderne Stallungen, eingebettet in die idyllische Umgebung eines damals 120-Seelen-Dorfes.\u2026","rel":"","context":"\u00c4hnlicher Beitrag","block_context":{"text":"\u00c4hnlicher Beitrag","link":""},"img":{"alt_text":"Hof-H\u00f6herhaus wie es heute aussieht!","src":"https:\/\/i0.wp.com\/hof-hoeherhaus.de\/wp-content\/uploads\/2016\/11\/ganzneueshaus.jpg?fit=1200%2C443&ssl=1&resize=350%2C200","width":350,"height":200,"srcset":"https:\/\/i0.wp.com\/hof-hoeherhaus.de\/wp-content\/uploads\/2016\/11\/ganzneueshaus.jpg?fit=1200%2C443&ssl=1&resize=350%2C200 1x, https:\/\/i0.wp.com\/hof-hoeherhaus.de\/wp-content\/uploads\/2016\/11\/ganzneueshaus.jpg?fit=1200%2C443&ssl=1&resize=525%2C300 1.5x, https:\/\/i0.wp.com\/hof-hoeherhaus.de\/wp-content\/uploads\/2016\/11\/ganzneueshaus.jpg?fit=1200%2C443&ssl=1&resize=700%2C400 2x, https:\/\/i0.wp.com\/hof-hoeherhaus.de\/wp-content\/uploads\/2016\/11\/ganzneueshaus.jpg?fit=1200%2C443&ssl=1&resize=1050%2C600 3x"},"classes":[]}],"jetpack_sharing_enabled":false,"_links":{"self":[{"href":"https:\/\/hof-hoeherhaus.de\/index.php\/wp-json\/wp\/v2\/pages\/932","targetHints":{"allow":["GET"]}}],"collection":[{"href":"https:\/\/hof-hoeherhaus.de\/index.php\/wp-json\/wp\/v2\/pages"}],"about":[{"href":"https:\/\/hof-hoeherhaus.de\/index.php\/wp-json\/wp\/v2\/types\/page"}],"author":[{"embeddable":true,"href":"https:\/\/hof-hoeherhaus.de\/index.php\/wp-json\/wp\/v2\/users\/2"}],"replies":[{"embeddable":true,"href":"https:\/\/hof-hoeherhaus.de\/index.php\/wp-json\/wp\/v2\/comments?post=932"}],"version-history":[{"count":21,"href":"https:\/\/hof-hoeherhaus.de\/index.php\/wp-json\/wp\/v2\/pages\/932\/revisions"}],"predecessor-version":[{"id":4304,"href":"https:\/\/hof-hoeherhaus.de\/index.php\/wp-json\/wp\/v2\/pages\/932\/revisions\/4304"}],"wp:featuredmedia":[{"embeddable":true,"href":"https:\/\/hof-hoeherhaus.de\/index.php\/wp-json\/wp\/v2\/media\/2528"}],"wp:attachment":[{"href":"https:\/\/hof-hoeherhaus.de\/index.php\/wp-json\/wp\/v2\/media?parent=932"}],"curies":[{"name":"wp","href":"https:\/\/api.w.org\/{rel}","templated":true}]}}